{"id":60,"date":"2025-09-26T22:48:39","date_gmt":"2025-09-26T22:48:39","guid":{"rendered":"https:\/\/phakjbr.cluster100.hosting.ovh.net\/?page_id=60"},"modified":"2025-11-12T11:20:27","modified_gmt":"2025-11-12T11:20:27","slug":"histoire-de-maison-mere","status":"publish","type":"page","link":"https:\/\/www.compagniemaisonmere.com\/index.php\/histoire-de-maison-mere\/","title":{"rendered":"Histoire de Maison M\u00e8re"},"content":{"rendered":"<p>[et_pb_section fb_built=\u00a0\u00bb1&Prime; admin_label=\u00a0\u00bbHeader\u00a0\u00bb _builder_version=\u00a0\u00bb4.27.4&Prime; _module_preset=\u00a0\u00bbdefault\u00a0\u00bb background_color=\u00a0\u00bb#141414&Prime; background_enable_color=\u00a0\u00bboff\u00a0\u00bb background_image=\u00a0\u00bbhttps:\/\/www.compagniemaisonmere.com\/wp-content\/uploads\/2025\/09\/event-space-46-1.jpg\u00a0\u00bb parallax=\u00a0\u00bbon\u00a0\u00bb custom_padding=\u00a0\u00bb13px||15px||false|false\u00a0\u00bb global_colors_info=\u00a0\u00bb{%22gcid-3f47e762-ddb9-4bcc-9a88-eb1cda6175db%22:%91%93}\u00a0\u00bb theme_builder_area=\u00a0\u00bbpost_content\u00a0\u00bb][et_pb_row column_structure=\u00a0\u00bb3_5,2_5&Prime; _builder_version=\u00a0\u00bb4.27.4&Prime; _module_preset=\u00a0\u00bbdefault\u00a0\u00bb global_colors_info=\u00a0\u00bb{}\u00a0\u00bb theme_builder_area=\u00a0\u00bbpost_content\u00a0\u00bb][et_pb_column type=\u00a0\u00bb3_5&Prime; _builder_version=\u00a0\u00bb4.27.4&Prime; _module_preset=\u00a0\u00bbdefault\u00a0\u00bb global_colors_info=\u00a0\u00bb{}\u00a0\u00bb theme_builder_area=\u00a0\u00bbpost_content\u00a0\u00bb][et_pb_text _builder_version=\u00a0\u00bb4.27.4&Prime; _module_preset=\u00a0\u00bbdefault\u00a0\u00bb header_font=\u00a0\u00bb&#8211;et_global_body_font||||||||\u00a0\u00bb header_font_size=\u00a0\u00bb80px\u00a0\u00bb global_colors_info=\u00a0\u00bb{}\u00a0\u00bb theme_builder_area=\u00a0\u00bbpost_content\u00a0\u00bb]<\/p>\n<h1><span style=\"color: #ffffff;\">Histoire de Maison M\u00e8re<\/span><\/h1>\n<p>[\/et_pb_text][\/et_pb_column][et_pb_column type=\u00a0\u00bb2_5&Prime; _builder_version=\u00a0\u00bb4.27.4&Prime; _module_preset=\u00a0\u00bbdefault\u00a0\u00bb global_colors_info=\u00a0\u00bb{}\u00a0\u00bb theme_builder_area=\u00a0\u00bbpost_content\u00a0\u00bb][et_pb_image src=\u00a0\u00bbhttps:\/\/www.compagniemaisonmere.com\/wp-content\/uploads\/2025\/11\/comete-claire-scaled.png\u00a0\u00bb title_text=\u00a0\u00bbcomete claire\u00a0\u00bb _builder_version=\u00a0\u00bb4.27.4&Prime; _module_preset=\u00a0\u00bbdefault\u00a0\u00bb custom_padding=\u00a0\u00bb59px||7px|||\u00a0\u00bb hover_enabled=\u00a0\u00bb0&Prime; global_colors_info=\u00a0\u00bb{}\u00a0\u00bb theme_builder_area=\u00a0\u00bbpost_content\u00a0\u00bb animation_style=\u00a0\u00bbslide\u00a0\u00bb sticky_enabled=\u00a0\u00bb0&Prime;][\/et_pb_image][\/et_pb_column][\/et_pb_row][\/et_pb_section][et_pb_section fb_built=\u00a0\u00bb1&Prime; _builder_version=\u00a0\u00bb4.27.4&Prime; _module_preset=\u00a0\u00bbdefault\u00a0\u00bb background_color=\u00a0\u00bb#f8f5ea\u00a0\u00bb global_colors_info=\u00a0\u00bb{%22gcid-abdd1dfe-115d-40b5-9c1d-c1c9635de504%22:%91%93}\u00a0\u00bb][et_pb_row column_structure=\u00a0\u00bb2_5,3_5&Prime; _builder_version=\u00a0\u00bb4.27.4&Prime; _module_preset=\u00a0\u00bbdefault\u00a0\u00bb global_colors_info=\u00a0\u00bb{}\u00a0\u00bb][et_pb_column type=\u00a0\u00bb2_5&Prime; _builder_version=\u00a0\u00bb4.27.4&Prime; _module_preset=\u00a0\u00bbdefault\u00a0\u00bb global_colors_info=\u00a0\u00bb{}\u00a0\u00bb][et_pb_image src=\u00a0\u00bbhttps:\/\/www.compagniemaisonmere.com\/wp-content\/uploads\/2025\/09\/Foret-scaled.jpg\u00a0\u00bb title_text=\u00a0\u00bbFor\u00eat\u00a0\u00bb _builder_version=\u00a0\u00bb4.27.4&Prime; _module_preset=\u00a0\u00bbdefault\u00a0\u00bb custom_padding=\u00a0\u00bb16px||||false|false\u00a0\u00bb global_colors_info=\u00a0\u00bb{}\u00a0\u00bb][\/et_pb_image][et_pb_image src=\u00a0\u00bbhttps:\/\/www.compagniemaisonmere.com\/wp-content\/uploads\/2025\/09\/Photo-Bio-1.jpg\u00a0\u00bb alt=\u00a0\u00bbPierre et M\u00e9lodie en s\u00e9ance de travail.\u00a0\u00bb title_text=\u00a0\u00bbPhoto-Bio-1&Prime; _builder_version=\u00a0\u00bb4.27.4&Prime; _module_preset=\u00a0\u00bbdefault\u00a0\u00bb custom_padding=\u00a0\u00bb48px||||false|false\u00a0\u00bb global_colors_info=\u00a0\u00bb{}\u00a0\u00bb][\/et_pb_image][\/et_pb_column][et_pb_column type=\u00a0\u00bb3_5&Prime; _builder_version=\u00a0\u00bb4.27.4&Prime; _module_preset=\u00a0\u00bbdefault\u00a0\u00bb global_colors_info=\u00a0\u00bb{}\u00a0\u00bb][et_pb_text _builder_version=\u00a0\u00bb4.27.4&Prime; _module_preset=\u00a0\u00bbdefault\u00a0\u00bb text_font=\u00a0\u00bb&#8211;et_global_body_font||||||||\u00a0\u00bb hover_enabled=\u00a0\u00bb0&Prime; global_colors_info=\u00a0\u00bb{}\u00a0\u00bb sticky_enabled=\u00a0\u00bb0&Prime;]<\/p>\n<p style=\"text-align: justify;\"><strong><span style=\"color: #000000;\">Maison M\u00e8re est une compagnie artistique n\u00e9e en 2020 \u00e0 l\u2019initiative de M\u00e9lodie Orru (autrice, metteuse en sc\u00e8ne, musicienne) de Pierre Le Bourgeois (musicien, compositeur).<\/span><\/strong><\/p>\n<p style=\"text-align: justify;\"><span style=\"color: #000000;\">Leur installation dans la Vienne, conjugu\u00e9e au contexte du Covid, les a conduits \u00e0 imaginer une structure \u00e0 taille humaine, capable de proposer une cr\u00e9ation sobre en moyens mais exigeante artistiquement.<\/span><\/p>\n<p style=\"text-align: justify;\"><span style=\"color: #000000;\">Implant\u00e9e \u00e0 Ch\u00e2tellerault, la compagnie se consacre \u00e0 des projets o\u00f9 la musique et le th\u00e9\u00e2tre se rencontrent, \u00e0 travers des concerts, spectacles, cr\u00e9ations jeune public, mais aussi des stages, ateliers et master class destin\u00e9s \u00e0 toutes les g\u00e9n\u00e9rations. L\u2019un de ses engagements majeurs est de faire vivre et d\u00e9velopper la culture localement, en favorisant les rencontres et le partage dans le Grand Ch\u00e2tellerault et les territoires ruraux et p\u00e9riurbains alentour.<\/span><\/p>\n<p style=\"text-align: justify;\"><strong><span style=\"color: #000000;\">Maison M\u00e8re revendique une d\u00e9marche fond\u00e9e sur trois piliers :<\/span><\/strong><span style=\"color: #000000;\"><\/span><\/p>\n<ul>\n<li style=\"text-align: justify;\"><span style=\"color: #000000;\"><span>Une sobri\u00e9t\u00e9 technique assum\u00e9e, qui privil\u00e9gie la conception locale, l\u2019autonomie et la valorisation des talents de proximit\u00e9, tout en maintenant une forte exigence artistique. Cette approche apporte \u00e0 chaque projet une dimension politique et sensible, accessible \u00e0 tous.<\/span><\/span><\/li>\n<li style=\"text-align: justify;\"><span style=\"color: #000000;\">Forme hybride : m\u00ealer les arts, musique, th\u00e9\u00e2tre documentaire, recherche gestuelle, sciences et po\u00e9sie contemporaine .<\/span><\/li>\n<li style=\"text-align: justify;\"><span style=\"color: #000000;\">\u2028<\/span><span style=\"color: #000000;\">Une ouverture aux hors-lieux, qui permet de sortir des infrastructures culturelles traditionnelles et d\u2019investir le patrimoine local comme sc\u00e8ne artistique : villages, granges, chemins, \u00e9tangs ou places de village deviennent autant d\u2019espaces de repr\u00e9sentation et de rencontre.\u2028<\/span><\/li>\n<\/ul>\n<p style=\"text-align: justify;\"><span style=\"color: #000000;\">\u00c0 travers ses propositions, Maison M\u00e8re cherche \u00e0 conjuguer cr\u00e9ation, transmission et convivialit\u00e9, en cultivant la curiosit\u00e9 naturelle de tous les publics et en r\u00e9affirmant l\u2019importance du d\u00e9veloppement culturel au c\u0153ur des territoires.<\/span><\/p>\n<p>[\/et_pb_text][\/et_pb_column][\/et_pb_row][\/et_pb_section]<\/p>\n","protected":false},"excerpt":{"rendered":"<p>Histoire de Maison M\u00e8reMaison M\u00e8re est une compagnie artistique n\u00e9e en 2020 \u00e0 l\u2019initiative de M\u00e9lodie Orru (autrice, metteuse en sc\u00e8ne, musicienne) de Pierre Le Bourgeois (musicien, compositeur). Leur installation dans la Vienne, conjugu\u00e9e au contexte du Covid, les a conduits \u00e0 imaginer une structure \u00e0 taille humaine, capable de proposer une cr\u00e9ation sobre en [&hellip;]<\/p>\n","protected":false},"author":1,"featured_media":0,"parent":0,"menu_order":0,"comment_status":"closed","ping_status":"closed","template":"","meta":{"_et_pb_use_builder":"on","_et_pb_old_content":"","_et_gb_content_width":"","footnotes":""},"class_list":["post-60","page","type-page","status-publish","hentry"],"yoast_head":"<!-- This site is optimized with the Yoast SEO plugin v26.5 - https:\/\/yoast.com\/wordpress\/plugins\/seo\/ -->\n<title>Histoire de Maison M\u00e8re - WordPress<\/title>\n<meta name=\"robots\" content=\"index, follow, max-snippet:-1, max-image-preview:large, max-video-preview:-1\" \/>\n<link rel=\"canonical\" href=\"https:\/\/www.compagniemaisonmere.com\/index.php\/histoire-de-maison-mere\/\" \/>\n<meta property=\"og:locale\" content=\"fr_FR\" \/>\n<meta property=\"og:type\" content=\"article\" \/>\n<meta property=\"og:title\" content=\"Histoire de Maison M\u00e8re - WordPress\" \/>\n<meta property=\"og:description\" content=\"Histoire de Maison M\u00e8reMaison M\u00e8re est une compagnie artistique n\u00e9e en 2020 \u00e0 l\u2019initiative de M\u00e9lodie Orru (autrice, metteuse en sc\u00e8ne, musicienne) de Pierre Le Bourgeois (musicien, compositeur). Leur installation dans la Vienne, conjugu\u00e9e au contexte du Covid, les a conduits \u00e0 imaginer une structure \u00e0 taille humaine, capable de proposer une cr\u00e9ation sobre en [&hellip;]\" \/>\n<meta property=\"og:url\" content=\"https:\/\/www.compagniemaisonmere.com\/index.php\/histoire-de-maison-mere\/\" \/>\n<meta property=\"og:site_name\" content=\"WordPress\" \/>\n<meta property=\"article:modified_time\" content=\"2025-11-12T11:20:27+00:00\" \/>\n<meta name=\"twitter:card\" content=\"summary_large_image\" \/>\n<script type=\"application\/ld+json\" class=\"yoast-schema-graph\">{\"@context\":\"https:\/\/schema.org\",\"@graph\":[{\"@type\":\"WebPage\",\"@id\":\"https:\/\/www.compagniemaisonmere.com\/index.php\/histoire-de-maison-mere\/\",\"url\":\"https:\/\/www.compagniemaisonmere.com\/index.php\/histoire-de-maison-mere\/\",\"name\":\"Histoire de Maison M\u00e8re - WordPress\",\"isPartOf\":{\"@id\":\"https:\/\/www.compagniemaisonmere.com\/#website\"},\"datePublished\":\"2025-09-26T22:48:39+00:00\",\"dateModified\":\"2025-11-12T11:20:27+00:00\",\"breadcrumb\":{\"@id\":\"https:\/\/www.compagniemaisonmere.com\/index.php\/histoire-de-maison-mere\/#breadcrumb\"},\"inLanguage\":\"fr-FR\",\"potentialAction\":[{\"@type\":\"ReadAction\",\"target\":[\"https:\/\/www.compagniemaisonmere.com\/index.php\/histoire-de-maison-mere\/\"]}]},{\"@type\":\"BreadcrumbList\",\"@id\":\"https:\/\/www.compagniemaisonmere.com\/index.php\/histoire-de-maison-mere\/#breadcrumb\",\"itemListElement\":[{\"@type\":\"ListItem\",\"position\":1,\"name\":\"Accueil\",\"item\":\"https:\/\/www.compagniemaisonmere.com\/\"},{\"@type\":\"ListItem\",\"position\":2,\"name\":\"Histoire de Maison M\u00e8re\"}]},{\"@type\":\"WebSite\",\"@id\":\"https:\/\/www.compagniemaisonmere.com\/#website\",\"url\":\"https:\/\/www.compagniemaisonmere.com\/\",\"name\":\"WordPress\",\"description\":\"\",\"potentialAction\":[{\"@type\":\"SearchAction\",\"target\":{\"@type\":\"EntryPoint\",\"urlTemplate\":\"https:\/\/www.compagniemaisonmere.com\/?s={search_term_string}\"},\"query-input\":{\"@type\":\"PropertyValueSpecification\",\"valueRequired\":true,\"valueName\":\"search_term_string\"}}],\"inLanguage\":\"fr-FR\"}]}<\/script>\n<!-- \/ Yoast SEO plugin. -->","yoast_head_json":{"title":"Histoire de Maison M\u00e8re - WordPress","robots":{"index":"index","follow":"follow","max-snippet":"max-snippet:-1","max-image-preview":"max-image-preview:large","max-video-preview":"max-video-preview:-1"},"canonical":"https:\/\/www.compagniemaisonmere.com\/index.php\/histoire-de-maison-mere\/","og_locale":"fr_FR","og_type":"article","og_title":"Histoire de Maison M\u00e8re - WordPress","og_description":"Histoire de Maison M\u00e8reMaison M\u00e8re est une compagnie artistique n\u00e9e en 2020 \u00e0 l\u2019initiative de M\u00e9lodie Orru (autrice, metteuse en sc\u00e8ne, musicienne) de Pierre Le Bourgeois (musicien, compositeur). Leur installation dans la Vienne, conjugu\u00e9e au contexte du Covid, les a conduits \u00e0 imaginer une structure \u00e0 taille humaine, capable de proposer une cr\u00e9ation sobre en [&hellip;]","og_url":"https:\/\/www.compagniemaisonmere.com\/index.php\/histoire-de-maison-mere\/","og_site_name":"WordPress","article_modified_time":"2025-11-12T11:20:27+00:00","twitter_card":"summary_large_image","schema":{"@context":"https:\/\/schema.org","@graph":[{"@type":"WebPage","@id":"https:\/\/www.compagniemaisonmere.com\/index.php\/histoire-de-maison-mere\/","url":"https:\/\/www.compagniemaisonmere.com\/index.php\/histoire-de-maison-mere\/","name":"Histoire de Maison M\u00e8re - WordPress","isPartOf":{"@id":"https:\/\/www.compagniemaisonmere.com\/#website"},"datePublished":"2025-09-26T22:48:39+00:00","dateModified":"2025-11-12T11:20:27+00:00","breadcrumb":{"@id":"https:\/\/www.compagniemaisonmere.com\/index.php\/histoire-de-maison-mere\/#breadcrumb"},"inLanguage":"fr-FR","potentialAction":[{"@type":"ReadAction","target":["https:\/\/www.compagniemaisonmere.com\/index.php\/histoire-de-maison-mere\/"]}]},{"@type":"BreadcrumbList","@id":"https:\/\/www.compagniemaisonmere.com\/index.php\/histoire-de-maison-mere\/#breadcrumb","itemListElement":[{"@type":"ListItem","position":1,"name":"Accueil","item":"https:\/\/www.compagniemaisonmere.com\/"},{"@type":"ListItem","position":2,"name":"Histoire de Maison M\u00e8re"}]},{"@type":"WebSite","@id":"https:\/\/www.compagniemaisonmere.com\/#website","url":"https:\/\/www.compagniemaisonmere.com\/","name":"WordPress","description":"","potentialAction":[{"@type":"SearchAction","target":{"@type":"EntryPoint","urlTemplate":"https:\/\/www.compagniemaisonmere.com\/?s={search_term_string}"},"query-input":{"@type":"PropertyValueSpecification","valueRequired":true,"valueName":"search_term_string"}}],"inLanguage":"fr-FR"}]}},"_links":{"self":[{"href":"https:\/\/www.compagniemaisonmere.com\/index.php\/wp-json\/wp\/v2\/pages\/60","targetHints":{"allow":["GET"]}}],"collection":[{"href":"https:\/\/www.compagniemaisonmere.com\/index.php\/wp-json\/wp\/v2\/pages"}],"about":[{"href":"https:\/\/www.compagniemaisonmere.com\/index.php\/wp-json\/wp\/v2\/types\/page"}],"author":[{"embeddable":true,"href":"https:\/\/www.compagniemaisonmere.com\/index.php\/wp-json\/wp\/v2\/users\/1"}],"replies":[{"embeddable":true,"href":"https:\/\/www.compagniemaisonmere.com\/index.php\/wp-json\/wp\/v2\/comments?post=60"}],"version-history":[{"count":14,"href":"https:\/\/www.compagniemaisonmere.com\/index.php\/wp-json\/wp\/v2\/pages\/60\/revisions"}],"predecessor-version":[{"id":563,"href":"https:\/\/www.compagniemaisonmere.com\/index.php\/wp-json\/wp\/v2\/pages\/60\/revisions\/563"}],"wp:attachment":[{"href":"https:\/\/www.compagniemaisonmere.com\/index.php\/wp-json\/wp\/v2\/media?parent=60"}],"curies":[{"name":"wp","href":"https:\/\/api.w.org\/{rel}","templated":true}]}}