{"id":440,"date":"2025-11-04T15:42:37","date_gmt":"2025-11-04T15:42:37","guid":{"rendered":"https:\/\/www.compagniemaisonmere.com\/?page_id=440"},"modified":"2025-11-13T14:38:06","modified_gmt":"2025-11-13T14:38:06","slug":"lequipe","status":"publish","type":"page","link":"https:\/\/www.compagniemaisonmere.com\/index.php\/lequipe\/","title":{"rendered":"L&rsquo;Equipe"},"content":{"rendered":"<p>[et_pb_section fb_built=\u00a0\u00bb1&Prime; admin_label=\u00a0\u00bbHeader\u00a0\u00bb _builder_version=\u00a0\u00bb4.27.4&Prime; _module_preset=\u00a0\u00bbdefault\u00a0\u00bb background_enable_color=\u00a0\u00bboff\u00a0\u00bb background_image=\u00a0\u00bbhttps:\/\/www.compagniemaisonmere.com\/wp-content\/uploads\/2025\/09\/event-space-46-1.jpg\u00a0\u00bb parallax=\u00a0\u00bbon\u00a0\u00bb custom_padding=\u00a0\u00bb0px||0px||true|false\u00a0\u00bb global_colors_info=\u00a0\u00bb{}\u00a0\u00bb][et_pb_row column_structure=\u00a0\u00bb3_5,2_5&Prime; _builder_version=\u00a0\u00bb4.27.4&Prime; _module_preset=\u00a0\u00bbdefault\u00a0\u00bb global_colors_info=\u00a0\u00bb{}\u00a0\u00bb][et_pb_column type=\u00a0\u00bb3_5&Prime; _builder_version=\u00a0\u00bb4.27.4&Prime; _module_preset=\u00a0\u00bbdefault\u00a0\u00bb global_colors_info=\u00a0\u00bb{}\u00a0\u00bb][et_pb_text _builder_version=\u00a0\u00bb4.27.4&Prime; _module_preset=\u00a0\u00bbdefault\u00a0\u00bb header_font=\u00a0\u00bb&#8211;et_global_body_font||||||||\u00a0\u00bb header_text_color=\u00a0\u00bb#FFFFFF\u00a0\u00bb header_font_size=\u00a0\u00bb80px\u00a0\u00bb custom_margin=\u00a0\u00bb12px|||||\u00a0\u00bb custom_padding=\u00a0\u00bb35px|||||\u00a0\u00bb global_colors_info=\u00a0\u00bb{}\u00a0\u00bb]<\/p>\n<h1>L&rsquo;\u00e9quipe<\/h1>\n<p>[\/et_pb_text][\/et_pb_column][et_pb_column type=\u00a0\u00bb2_5&Prime; _builder_version=\u00a0\u00bb4.27.4&Prime; _module_preset=\u00a0\u00bbdefault\u00a0\u00bb global_colors_info=\u00a0\u00bb{}\u00a0\u00bb][et_pb_image src=\u00a0\u00bbhttps:\/\/www.compagniemaisonmere.com\/wp-content\/uploads\/2025\/11\/comete-claire-scaled.png\u00a0\u00bb title_text=\u00a0\u00bbcomete claire\u00a0\u00bb _builder_version=\u00a0\u00bb4.27.4&Prime; _module_preset=\u00a0\u00bbdefault\u00a0\u00bb custom_padding=\u00a0\u00bb118px|||||\u00a0\u00bb animation_style=\u00a0\u00bbslide\u00a0\u00bb global_colors_info=\u00a0\u00bb{}\u00a0\u00bb][\/et_pb_image][\/et_pb_column][\/et_pb_row][\/et_pb_section][et_pb_section fb_built=\u00a0\u00bb1&Prime; admin_label=\u00a0\u00bbBlog\u00a0\u00bb _builder_version=\u00a0\u00bb4.27.4&Prime; _module_preset=\u00a0\u00bbdefault\u00a0\u00bb background_color=\u00a0\u00bb#f8f5ea\u00a0\u00bb locked=\u00a0\u00bboff\u00a0\u00bb global_colors_info=\u00a0\u00bb{}\u00a0\u00bb][et_pb_row column_structure=\u00a0\u00bb2_5,3_5&Prime; _builder_version=\u00a0\u00bb4.27.4&Prime; _module_preset=\u00a0\u00bbdefault\u00a0\u00bb global_colors_info=\u00a0\u00bb{}\u00a0\u00bb][et_pb_column type=\u00a0\u00bb2_5&Prime; _builder_version=\u00a0\u00bb4.27.4&Prime; _module_preset=\u00a0\u00bbdefault\u00a0\u00bb global_colors_info=\u00a0\u00bb{}\u00a0\u00bb][et_pb_image src=\u00a0\u00bbhttps:\/\/www.compagniemaisonmere.com\/wp-content\/uploads\/2025\/11\/MelodieOrru-2.jpg\u00a0\u00bb alt=\u00a0\u00bbPierre et M\u00e9lodie en s\u00e9ance de travail.\u00a0\u00bb title_text=\u00a0\u00bbMelodieOrru-2&Prime; _builder_version=\u00a0\u00bb4.27.4&Prime; _module_preset=\u00a0\u00bbdefault\u00a0\u00bb global_colors_info=\u00a0\u00bb{}\u00a0\u00bb][\/et_pb_image][\/et_pb_column][et_pb_column type=\u00a0\u00bb3_5&Prime; _builder_version=\u00a0\u00bb4.27.4&Prime; _module_preset=\u00a0\u00bbdefault\u00a0\u00bb global_colors_info=\u00a0\u00bb{}\u00a0\u00bb][et_pb_text _builder_version=\u00a0\u00bb4.27.4&Prime; _module_preset=\u00a0\u00bbdefault\u00a0\u00bb text_font_size=\u00a0\u00bb24px\u00a0\u00bb global_colors_info=\u00a0\u00bb{}\u00a0\u00bb]<\/p>\n<p><span style=\"color: #000000;\"><strong>Melodie ORRU<\/strong><\/span><\/p>\n<p>[\/et_pb_text][et_pb_text _builder_version=\u00a0\u00bb4.27.4&Prime; _module_preset=\u00a0\u00bbdefault\u00a0\u00bb text_font_size=\u00a0\u00bb16px\u00a0\u00bb hover_enabled=\u00a0\u00bb0&Prime; global_colors_info=\u00a0\u00bb{}\u00a0\u00bb sticky_enabled=\u00a0\u00bb0&Prime;]<\/p>\n<div dir=\"auto\" style=\"text-align: justify;\">\n<p><span style=\"color: #000000;\"><strong>M\u00e9lodie Orru<\/strong>, metteuse en sc\u00e8ne, autrice et voix de doublage pour le cin\u00e9ma, la t\u00e9l\u00e9vision et la radio, explore les arts vivants et sonores avec <strong>une sensibilit\u00e9 singuli\u00e8re<\/strong>.<\/span><\/p>\n<p><span style=\"color: #000000;\">On peut la d\u00e9couvrir <\/span><span style=\"color: #000000;\">\u00e9galement au sein des groupes <strong>Niki Niki, Moziimo et La Source<\/strong>, en tant que chanteuse et compositrice.<\/span><\/p>\n<p><span style=\"color: #000000;\">Elle a notamment jou\u00e9 dans le spectacle <strong>\u00ab Fashion Freak Show \u00bb de Jean Paul<\/strong> <strong>Gaultier<\/strong>, une exp\u00e9rience marquante m\u00ealant performance, musique et th\u00e9\u00e2tre.<\/span><\/p>\n<p><span style=\"color: #000000;\">En parall\u00e8le, elle met en sc\u00e8ne des pi\u00e8ces \u00e9crites exclusivement par des femmes ainsi que ses propres textes de <strong>po\u00e9tesse contemporaine<\/strong>, tissant un univers o\u00f9 la voix, la sc\u00e8ne et la po\u00e9sie dialoguent librement.<\/span><\/p>\n<\/div>\n<div dir=\"auto\"><\/div>\n<p>[\/et_pb_text][\/et_pb_column][\/et_pb_row][et_pb_row column_structure=\u00a0\u00bb3_5,2_5&Prime; _builder_version=\u00a0\u00bb4.27.4&Prime; _module_preset=\u00a0\u00bbdefault\u00a0\u00bb global_colors_info=\u00a0\u00bb{}\u00a0\u00bb][et_pb_column type=\u00a0\u00bb3_5&Prime; _builder_version=\u00a0\u00bb4.27.4&Prime; _module_preset=\u00a0\u00bbdefault\u00a0\u00bb global_colors_info=\u00a0\u00bb{}\u00a0\u00bb][et_pb_text _builder_version=\u00a0\u00bb4.27.4&Prime; _module_preset=\u00a0\u00bbdefault\u00a0\u00bb text_font_size=\u00a0\u00bb24px\u00a0\u00bb global_colors_info=\u00a0\u00bb{}\u00a0\u00bb]<\/p>\n<p><span style=\"color: #000000;\"><strong>Pierre LE BOURGEOIS<\/strong><\/span><\/p>\n<p>[\/et_pb_text][et_pb_text _builder_version=\u00a0\u00bb4.27.4&Prime; _module_preset=\u00a0\u00bbdefault\u00a0\u00bb text_font_size=\u00a0\u00bb16px\u00a0\u00bb global_colors_info=\u00a0\u00bb{}\u00a0\u00bb]<\/p>\n<div style=\"text-align: justify;\"><span style=\"color: #000000;\"><b>Pierre Le Bourgeois<\/b>\u00a0est violoncelliste et compositeur.\u2028<\/span><\/div>\n<div style=\"text-align: justify;\"><span style=\"color: #000000;\">Form\u00e9 au conservatoire puis nourri par le jazz, le rock et la musique contemporaine, il a collabor\u00e9 avec\u00a0<strong>Arthur H, Alain Bashung ou Bertrand Belin<\/strong>.\u2028Depuis quinze ans, il compose pour la danse et d\u00e9veloppe actuellement son projet solo:\u00a0\u00ab\u00a0Suites Nouvelles pour Violoncelle\u00a0\u00bb, entre n\u00e9o-classique, exp\u00e9rimentation et po\u00e9sie sonore.\u2028<\/span><\/div>\n<div style=\"text-align: justify;\"><\/div>\n<p>[\/et_pb_text][et_pb_text _builder_version=\u00a0\u00bb4.27.4&Prime; _module_preset=\u00a0\u00bbdefault\u00a0\u00bb text_font_size=\u00a0\u00bb16px\u00a0\u00bb global_colors_info=\u00a0\u00bb{}\u00a0\u00bb]<\/p>\n<p style=\"text-align: justify;\"><span style=\"color: #000000;\">Il est \u00e9galement compositeur pour la prochaine cr\u00e9ation de\u00a0<strong>Carolyn Carlson<\/strong>\u00a0en juin 2026 \u00ab\u00a0un saut dans le bleu\u00a0\u00bb pour\u00a0<strong>l\u2019op\u00e9ra de Toulouse<\/strong>\u00a0et actuellement en tourn\u00e9e avec Arthur H (toute la france 2025\/2026).<\/span><\/p>\n<p>[\/et_pb_text][\/et_pb_column][et_pb_column type=\u00a0\u00bb2_5&Prime; _builder_version=\u00a0\u00bb4.27.4&Prime; _module_preset=\u00a0\u00bbdefault\u00a0\u00bb global_colors_info=\u00a0\u00bb{}\u00a0\u00bb][et_pb_image src=\u00a0\u00bbhttps:\/\/www.compagniemaisonmere.com\/wp-content\/uploads\/2025\/11\/Pierret-scaled.jpg\u00a0\u00bb title_text=\u00a0\u00bbPierret\u00a0\u00bb _builder_version=\u00a0\u00bb4.27.4&Prime; _module_preset=\u00a0\u00bbdefault\u00a0\u00bb global_colors_info=\u00a0\u00bb{}\u00a0\u00bb][\/et_pb_image][\/et_pb_column][\/et_pb_row][et_pb_row column_structure=\u00a0\u00bb1_3,2_3&Prime; _builder_version=\u00a0\u00bb4.27.4&Prime; _module_preset=\u00a0\u00bbdefault\u00a0\u00bb global_colors_info=\u00a0\u00bb{}\u00a0\u00bb][et_pb_column type=\u00a0\u00bb1_3&Prime; _builder_version=\u00a0\u00bb4.27.4&Prime; _module_preset=\u00a0\u00bbdefault\u00a0\u00bb global_colors_info=\u00a0\u00bb{}\u00a0\u00bb][et_pb_image src=\u00a0\u00bbhttps:\/\/www.compagniemaisonmere.com\/wp-content\/uploads\/2025\/11\/Valentine.jpg\u00a0\u00bb title_text=\u00a0\u00bbValentine\u00a0\u00bb _builder_version=\u00a0\u00bb4.27.4&Prime; _module_preset=\u00a0\u00bbdefault\u00a0\u00bb global_colors_info=\u00a0\u00bb{}\u00a0\u00bb][\/et_pb_image][\/et_pb_column][et_pb_column type=\u00a0\u00bb2_3&Prime; _builder_version=\u00a0\u00bb4.27.4&Prime; _module_preset=\u00a0\u00bbdefault\u00a0\u00bb global_colors_info=\u00a0\u00bb{}\u00a0\u00bb][et_pb_text _builder_version=\u00a0\u00bb4.27.4&Prime; _module_preset=\u00a0\u00bbdefault\u00a0\u00bb text_font_size=\u00a0\u00bb24px\u00a0\u00bb global_colors_info=\u00a0\u00bb{}\u00a0\u00bb]<\/p>\n<p><span style=\"color: #000000;\"><strong>Valentine FORET-BRUNO<\/strong><\/span><\/p>\n<p>[\/et_pb_text][et_pb_text _builder_version=\u00a0\u00bb4.27.4&Prime; _module_preset=\u00a0\u00bbdefault\u00a0\u00bb text_font_size=\u00a0\u00bb16px\u00a0\u00bb global_colors_info=\u00a0\u00bb{}\u00a0\u00bb]<\/p>\n<p style=\"text-align: justify;\"><span style=\"color: #000000;\">Valentine int\u00e8gre l\u2019\u00e9cole Charles Dullin (Paris 10) et suit les trois ann\u00e9es de formation. Elle y rencontre de nombreux professionnels, avec lesquels elle d\u00e9bute son m\u00e9tier de com\u00e9dienne. \u2028Pendant 15 ans, elle travaille avec des Cies entre Paris et Lille (Attrape Th\u00e9\u00e2tre, Th\u00e9\u00e2tre du d\u00e9sordre, Cie Robert Hossein, Th\u00e9\u00e2tre de la Verri\u00e8re\u2026).\u2028<\/span><\/p>\n<p style=\"text-align: justify;\"><span style=\"color: #000000;\">En 2015, Valentine rejoint le d\u00e9partement de la Vienne et entreprend des projets artistiques avec d\u2019autres\u2028professionnels des arts visuels, du conte, de la sc\u00e9nographie, de la danse et du th\u00e9\u00e2tre, dans le cadre de projets de territoire, de stages et de cr\u00e9ations.\u2028En 2017, Valentine rejoint le collectif Tusitala et devient directrice artistique de l\u2019association. Elle se forme \u00e0 la m\u00e9diation artistique et culturelle en suivant des masterclasses. L\u2019ensemble des projets de l\u2019association se dirige alors vers la cr\u00e9ation de liens entre artistes, \u0153uvres et public.<\/span><\/p>\n<p style=\"text-align: justify;\"><span style=\"color: #000000;\"> <\/span><br \/><span style=\"color: #000000;\">Tout en poursuivant la cr\u00e9ation de projets artistiques en collaboration avec diff\u00e9rents collectifs et cies, elle travaille \u00e0 l\u2019accompagnement d\u2019artistes et de projets culturels dans leurs rencontres avec les publics. Valentine est artiste \u2013 m\u00e9diatrice. <\/span><\/p>\n<p>[\/et_pb_text][\/et_pb_column][\/et_pb_row][et_pb_row column_structure=\u00a0\u00bb3_5,2_5&Prime; _builder_version=\u00a0\u00bb4.27.4&Prime; _module_preset=\u00a0\u00bbdefault\u00a0\u00bb global_colors_info=\u00a0\u00bb{}\u00a0\u00bb][et_pb_column type=\u00a0\u00bb3_5&Prime; _builder_version=\u00a0\u00bb4.27.4&Prime; _module_preset=\u00a0\u00bbdefault\u00a0\u00bb global_colors_info=\u00a0\u00bb{}\u00a0\u00bb][et_pb_text _builder_version=\u00a0\u00bb4.27.4&Prime; _module_preset=\u00a0\u00bbdefault\u00a0\u00bb text_font_size=\u00a0\u00bb24px\u00a0\u00bb global_colors_info=\u00a0\u00bb{}\u00a0\u00bb]<\/p>\n<p><span style=\"color: #000000;\"><strong>Pascal POUVREAU<\/strong><\/span><\/p>\n<p>[\/et_pb_text][et_pb_text _builder_version=\u00a0\u00bb4.27.4&Prime; _module_preset=\u00a0\u00bbdefault\u00a0\u00bb text_font=\u00a0\u00bb&#8211;et_global_body_font||||||||\u00a0\u00bb text_font_size=\u00a0\u00bb16px\u00a0\u00bb global_colors_info=\u00a0\u00bb{}\u00a0\u00bb]<\/p>\n<p style=\"text-align: justify;\"><span style=\"color: #000000;\">Pascal Pouvreau est un artiste touche \u00e0 tout, musicien, com\u00e9dien, plasticien, il a d\u00e9velopp\u00e9 un univers qui lui est propre et plut\u00f4t tourn\u00e9 vers la petite enfance.\u00a0Il aime glaner dans la nature des mat\u00e9riaux bruts et les int\u00e9grer dans ses projets.\u00a0Il emm\u00e8ne le public vers de nouveaux horizons faits de sensations et d\u2019exp\u00e9rimentations sonores et visuelles.<\/span><\/p>\n<p style=\"text-align: justify;\"><span style=\"color: #000000;\">Durant quinze ans il a con\u00e7u et interpr\u00e9t\u00e9 des spectacles pour la toute-petite enfance avec la compagnie Ramodal, install\u00e9e \u00e0 Tours et\u00a0sont devenus une r\u00e9f\u00e9rence dans le domaine du spectacle vivant pour le tr\u00e8s jeune public.\u00a0Les mains dans la farine a \u00e9t\u00e9 diffus\u00e9 plus de 1300 fois en France comme \u00e0 l\u2019\u00e9tranger.<\/span><\/p>\n<p style=\"text-align: justify;\"><span style=\"color: #000000;\">Depuis dix ans, il m\u00e8ne des projets avec d\u2019autres, ou seul.\u00a0Il a d\u00e9velopp\u00e9 des liens forts avec d\u2019autres artistes du territoire sud Touraine o\u00f9 il vit .<\/span><\/p>\n<p style=\"text-align: justify;\"><span style=\"color: #000000;\">D<a name=\"Bookmark\" style=\"color: #000000;\"><\/a>es projets prennent vie notamment avec Melodie Orru et Pierre Lebourgeois cr\u00e9ateurs de la compagnie Maison M\u00e8re.<\/span><\/p>\n<p>[\/et_pb_text][\/et_pb_column][et_pb_column type=\u00a0\u00bb2_5&Prime; _builder_version=\u00a0\u00bb4.27.4&Prime; _module_preset=\u00a0\u00bbdefault\u00a0\u00bb global_colors_info=\u00a0\u00bb{}\u00a0\u00bb][et_pb_image src=\u00a0\u00bbhttps:\/\/www.compagniemaisonmere.com\/wp-content\/uploads\/2025\/11\/Pascal.jpg\u00a0\u00bb title_text=\u00a0\u00bbPascal\u00a0\u00bb _builder_version=\u00a0\u00bb4.27.4&Prime; _module_preset=\u00a0\u00bbdefault\u00a0\u00bb global_colors_info=\u00a0\u00bb{}\u00a0\u00bb][\/et_pb_image][\/et_pb_column][\/et_pb_row][\/et_pb_section]<\/p>\n","protected":false},"excerpt":{"rendered":"<p>L&rsquo;\u00e9quipeMelodie ORRU M\u00e9lodie Orru, metteuse en sc\u00e8ne, autrice et voix de doublage pour le cin\u00e9ma, la t\u00e9l\u00e9vision et la radio, explore les arts vivants et sonores avec une sensibilit\u00e9 singuli\u00e8re. On peut la d\u00e9couvrir \u00e9galement au sein des groupes Niki Niki, Moziimo et La Source, en tant que chanteuse et compositrice. Elle a notamment jou\u00e9 [&hellip;]<\/p>\n","protected":false},"author":1,"featured_media":0,"parent":0,"menu_order":0,"comment_status":"closed","ping_status":"closed","template":"","meta":{"_et_pb_use_builder":"on","_et_pb_old_content":"","_et_gb_content_width":"","footnotes":""},"class_list":["post-440","page","type-page","status-publish","hentry"],"yoast_head":"<!-- This site is optimized with the Yoast SEO plugin v26.5 - https:\/\/yoast.com\/wordpress\/plugins\/seo\/ -->\n<title>L&#039;Equipe - WordPress<\/title>\n<meta name=\"robots\" content=\"index, follow, max-snippet:-1, max-image-preview:large, max-video-preview:-1\" \/>\n<link rel=\"canonical\" href=\"https:\/\/www.compagniemaisonmere.com\/index.php\/lequipe\/\" \/>\n<meta property=\"og:locale\" content=\"fr_FR\" \/>\n<meta property=\"og:type\" content=\"article\" \/>\n<meta property=\"og:title\" content=\"L&#039;Equipe - WordPress\" \/>\n<meta property=\"og:description\" content=\"L&#039;\u00e9quipeMelodie ORRU M\u00e9lodie Orru, metteuse en sc\u00e8ne, autrice et voix de doublage pour le cin\u00e9ma, la t\u00e9l\u00e9vision et la radio, explore les arts vivants et sonores avec une sensibilit\u00e9 singuli\u00e8re. On peut la d\u00e9couvrir \u00e9galement au sein des groupes Niki Niki, Moziimo et La Source, en tant que chanteuse et compositrice. Elle a notamment jou\u00e9 [&hellip;]\" \/>\n<meta property=\"og:url\" content=\"https:\/\/www.compagniemaisonmere.com\/index.php\/lequipe\/\" \/>\n<meta property=\"og:site_name\" content=\"WordPress\" \/>\n<meta property=\"article:modified_time\" content=\"2025-11-13T14:38:06+00:00\" \/>\n<meta name=\"twitter:card\" content=\"summary_large_image\" \/>\n<script type=\"application\/ld+json\" class=\"yoast-schema-graph\">{\"@context\":\"https:\/\/schema.org\",\"@graph\":[{\"@type\":\"WebPage\",\"@id\":\"https:\/\/www.compagniemaisonmere.com\/index.php\/lequipe\/\",\"url\":\"https:\/\/www.compagniemaisonmere.com\/index.php\/lequipe\/\",\"name\":\"L'Equipe - WordPress\",\"isPartOf\":{\"@id\":\"https:\/\/www.compagniemaisonmere.com\/#website\"},\"datePublished\":\"2025-11-04T15:42:37+00:00\",\"dateModified\":\"2025-11-13T14:38:06+00:00\",\"breadcrumb\":{\"@id\":\"https:\/\/www.compagniemaisonmere.com\/index.php\/lequipe\/#breadcrumb\"},\"inLanguage\":\"fr-FR\",\"potentialAction\":[{\"@type\":\"ReadAction\",\"target\":[\"https:\/\/www.compagniemaisonmere.com\/index.php\/lequipe\/\"]}]},{\"@type\":\"BreadcrumbList\",\"@id\":\"https:\/\/www.compagniemaisonmere.com\/index.php\/lequipe\/#breadcrumb\",\"itemListElement\":[{\"@type\":\"ListItem\",\"position\":1,\"name\":\"Accueil\",\"item\":\"https:\/\/www.compagniemaisonmere.com\/\"},{\"@type\":\"ListItem\",\"position\":2,\"name\":\"L&rsquo;Equipe\"}]},{\"@type\":\"WebSite\",\"@id\":\"https:\/\/www.compagniemaisonmere.com\/#website\",\"url\":\"https:\/\/www.compagniemaisonmere.com\/\",\"name\":\"WordPress\",\"description\":\"\",\"potentialAction\":[{\"@type\":\"SearchAction\",\"target\":{\"@type\":\"EntryPoint\",\"urlTemplate\":\"https:\/\/www.compagniemaisonmere.com\/?s={search_term_string}\"},\"query-input\":{\"@type\":\"PropertyValueSpecification\",\"valueRequired\":true,\"valueName\":\"search_term_string\"}}],\"inLanguage\":\"fr-FR\"}]}<\/script>\n<!-- \/ Yoast SEO plugin. -->","yoast_head_json":{"title":"L'Equipe - WordPress","robots":{"index":"index","follow":"follow","max-snippet":"max-snippet:-1","max-image-preview":"max-image-preview:large","max-video-preview":"max-video-preview:-1"},"canonical":"https:\/\/www.compagniemaisonmere.com\/index.php\/lequipe\/","og_locale":"fr_FR","og_type":"article","og_title":"L'Equipe - WordPress","og_description":"L'\u00e9quipeMelodie ORRU M\u00e9lodie Orru, metteuse en sc\u00e8ne, autrice et voix de doublage pour le cin\u00e9ma, la t\u00e9l\u00e9vision et la radio, explore les arts vivants et sonores avec une sensibilit\u00e9 singuli\u00e8re. On peut la d\u00e9couvrir \u00e9galement au sein des groupes Niki Niki, Moziimo et La Source, en tant que chanteuse et compositrice. Elle a notamment jou\u00e9 [&hellip;]","og_url":"https:\/\/www.compagniemaisonmere.com\/index.php\/lequipe\/","og_site_name":"WordPress","article_modified_time":"2025-11-13T14:38:06+00:00","twitter_card":"summary_large_image","schema":{"@context":"https:\/\/schema.org","@graph":[{"@type":"WebPage","@id":"https:\/\/www.compagniemaisonmere.com\/index.php\/lequipe\/","url":"https:\/\/www.compagniemaisonmere.com\/index.php\/lequipe\/","name":"L'Equipe - WordPress","isPartOf":{"@id":"https:\/\/www.compagniemaisonmere.com\/#website"},"datePublished":"2025-11-04T15:42:37+00:00","dateModified":"2025-11-13T14:38:06+00:00","breadcrumb":{"@id":"https:\/\/www.compagniemaisonmere.com\/index.php\/lequipe\/#breadcrumb"},"inLanguage":"fr-FR","potentialAction":[{"@type":"ReadAction","target":["https:\/\/www.compagniemaisonmere.com\/index.php\/lequipe\/"]}]},{"@type":"BreadcrumbList","@id":"https:\/\/www.compagniemaisonmere.com\/index.php\/lequipe\/#breadcrumb","itemListElement":[{"@type":"ListItem","position":1,"name":"Accueil","item":"https:\/\/www.compagniemaisonmere.com\/"},{"@type":"ListItem","position":2,"name":"L&rsquo;Equipe"}]},{"@type":"WebSite","@id":"https:\/\/www.compagniemaisonmere.com\/#website","url":"https:\/\/www.compagniemaisonmere.com\/","name":"WordPress","description":"","potentialAction":[{"@type":"SearchAction","target":{"@type":"EntryPoint","urlTemplate":"https:\/\/www.compagniemaisonmere.com\/?s={search_term_string}"},"query-input":{"@type":"PropertyValueSpecification","valueRequired":true,"valueName":"search_term_string"}}],"inLanguage":"fr-FR"}]}},"_links":{"self":[{"href":"https:\/\/www.compagniemaisonmere.com\/index.php\/wp-json\/wp\/v2\/pages\/440","targetHints":{"allow":["GET"]}}],"collection":[{"href":"https:\/\/www.compagniemaisonmere.com\/index.php\/wp-json\/wp\/v2\/pages"}],"about":[{"href":"https:\/\/www.compagniemaisonmere.com\/index.php\/wp-json\/wp\/v2\/types\/page"}],"author":[{"embeddable":true,"href":"https:\/\/www.compagniemaisonmere.com\/index.php\/wp-json\/wp\/v2\/users\/1"}],"replies":[{"embeddable":true,"href":"https:\/\/www.compagniemaisonmere.com\/index.php\/wp-json\/wp\/v2\/comments?post=440"}],"version-history":[{"count":9,"href":"https:\/\/www.compagniemaisonmere.com\/index.php\/wp-json\/wp\/v2\/pages\/440\/revisions"}],"predecessor-version":[{"id":581,"href":"https:\/\/www.compagniemaisonmere.com\/index.php\/wp-json\/wp\/v2\/pages\/440\/revisions\/581"}],"wp:attachment":[{"href":"https:\/\/www.compagniemaisonmere.com\/index.php\/wp-json\/wp\/v2\/media?parent=440"}],"curies":[{"name":"wp","href":"https:\/\/api.w.org\/{rel}","templated":true}]}}