{"id":361,"date":"2025-10-28T20:15:18","date_gmt":"2025-10-28T20:15:18","guid":{"rendered":"https:\/\/www.compagniemaisonmere.com\/?page_id=361"},"modified":"2025-11-12T11:33:40","modified_gmt":"2025-11-12T11:33:40","slug":"politique-de-confidentialite","status":"publish","type":"page","link":"https:\/\/www.compagniemaisonmere.com\/index.php\/politique-de-confidentialite\/","title":{"rendered":"Politique de confidentialit\u00e9"},"content":{"rendered":"<p>[et_pb_section fb_built=\u00a0\u00bb1&Prime; admin_label=\u00a0\u00bbHeader\u00a0\u00bb _builder_version=\u00a0\u00bb4.27.4&Prime; _module_preset=\u00a0\u00bbdefault\u00a0\u00bb background_enable_color=\u00a0\u00bboff\u00a0\u00bb background_image=\u00a0\u00bbhttps:\/\/www.compagniemaisonmere.com\/wp-content\/uploads\/2025\/09\/event-space-46-1.jpg\u00a0\u00bb parallax=\u00a0\u00bbon\u00a0\u00bb custom_padding=\u00a0\u00bb0px||0px||true|false\u00a0\u00bb global_colors_info=\u00a0\u00bb{}\u00a0\u00bb theme_builder_area=\u00a0\u00bbpost_content\u00a0\u00bb][et_pb_row column_structure=\u00a0\u00bb3_5,2_5&Prime; _builder_version=\u00a0\u00bb4.27.4&Prime; _module_preset=\u00a0\u00bbdefault\u00a0\u00bb global_colors_info=\u00a0\u00bb{}\u00a0\u00bb theme_builder_area=\u00a0\u00bbpost_content\u00a0\u00bb][et_pb_column type=\u00a0\u00bb3_5&Prime; _builder_version=\u00a0\u00bb4.27.4&Prime; _module_preset=\u00a0\u00bbdefault\u00a0\u00bb global_colors_info=\u00a0\u00bb{}\u00a0\u00bb theme_builder_area=\u00a0\u00bbpost_content\u00a0\u00bb][et_pb_text _builder_version=\u00a0\u00bb4.27.4&Prime; _module_preset=\u00a0\u00bbdefault\u00a0\u00bb header_font=\u00a0\u00bb&#8211;et_global_body_font||||||||\u00a0\u00bb header_text_color=\u00a0\u00bb#FFFFFF\u00a0\u00bb header_font_size=\u00a0\u00bb80px\u00a0\u00bb custom_margin=\u00a0\u00bb12px|||||\u00a0\u00bb custom_padding=\u00a0\u00bb35px|15px||||\u00a0\u00bb global_colors_info=\u00a0\u00bb{}\u00a0\u00bb theme_builder_area=\u00a0\u00bbpost_content\u00a0\u00bb]<\/p>\n<h1>Politique de Confidentialit\u00e9<\/h1>\n<p>[\/et_pb_text][\/et_pb_column][et_pb_column type=\u00a0\u00bb2_5&Prime; _builder_version=\u00a0\u00bb4.27.4&Prime; _module_preset=\u00a0\u00bbdefault\u00a0\u00bb global_colors_info=\u00a0\u00bb{}\u00a0\u00bb theme_builder_area=\u00a0\u00bbpost_content\u00a0\u00bb][et_pb_image src=\u00a0\u00bbhttps:\/\/www.compagniemaisonmere.com\/wp-content\/uploads\/2025\/11\/comete-claire-scaled.png\u00a0\u00bb title_text=\u00a0\u00bbcomete claire\u00a0\u00bb _builder_version=\u00a0\u00bb4.27.4&Prime; _module_preset=\u00a0\u00bbdefault\u00a0\u00bb custom_padding=\u00a0\u00bb118px|||||\u00a0\u00bb animation_style=\u00a0\u00bbslide\u00a0\u00bb global_colors_info=\u00a0\u00bb{}\u00a0\u00bb theme_builder_area=\u00a0\u00bbpost_content\u00a0\u00bb][\/et_pb_image][\/et_pb_column][\/et_pb_row][\/et_pb_section][et_pb_section fb_built=\u00a0\u00bb1&Prime; admin_label=\u00a0\u00bbBlog\u00a0\u00bb _builder_version=\u00a0\u00bb4.27.4&Prime; _module_preset=\u00a0\u00bbdefault\u00a0\u00bb background_color=\u00a0\u00bb#f8f5ea\u00a0\u00bb locked=\u00a0\u00bboff\u00a0\u00bb global_colors_info=\u00a0\u00bb{}\u00a0\u00bb][et_pb_row use_custom_gutter=\u00a0\u00bbon\u00a0\u00bb gutter_width=\u00a0\u00bb2&Prime; _builder_version=\u00a0\u00bb4.16&Prime; _module_preset=\u00a0\u00bbdefault\u00a0\u00bb global_colors_info=\u00a0\u00bb{}\u00a0\u00bb][et_pb_column type=\u00a0\u00bb4_4&Prime; _builder_version=\u00a0\u00bb4.16&Prime; _module_preset=\u00a0\u00bbdefault\u00a0\u00bb global_colors_info=\u00a0\u00bb{}\u00a0\u00bb][et_pb_text _builder_version=\u00a0\u00bb4.27.4&Prime; _module_preset=\u00a0\u00bbdefault\u00a0\u00bb global_colors_info=\u00a0\u00bb{}\u00a0\u00bb]<\/p>\n<h2 data-start=\"329\" data-end=\"347\"><span style=\"color: #000000;\">1. Introduction<\/span><\/h2>\n<p data-start=\"348\" data-end=\"576\"><span style=\"color: #000000;\">La pr\u00e9sente politique de confidentialit\u00e9 a pour objectif d\u2019informer les visiteurs du site <strong data-start=\"438\" data-end=\"463\">Compagnie Maison M\u00e8re<\/strong> (ci-apr\u00e8s \u00abhttps:\/\/www.compagniemaisonmere.com\u00bb) sur la mani\u00e8re dont leurs donn\u00e9es personnelles sont collect\u00e9es, utilis\u00e9es et prot\u00e9g\u00e9es.<\/span><\/p>\n<p data-start=\"578\" data-end=\"767\"><span style=\"color: #000000;\">En visitant notre Site, vous acceptez les pratiques d\u00e9crites ci-dessous, conform\u00e9ment au <strong data-start=\"667\" data-end=\"725\">R\u00e8glement G\u00e9n\u00e9ral sur la Protection des Donn\u00e9es (RGPD)<\/strong> et \u00e0 la l\u00e9gislation fran\u00e7aise en vigueur.<\/span><\/p>\n<hr data-start=\"769\" data-end=\"772\" \/>\n<h2 data-start=\"774\" data-end=\"805\"><span style=\"color: #000000;\">2. Responsable du traitement<\/span><\/h2>\n<p data-start=\"806\" data-end=\"854\"><span style=\"color: #000000;\">Le responsable du traitement des donn\u00e9es est :<\/span><\/p>\n<p data-start=\"856\" data-end=\"1004\"><span style=\"color: #000000;\"><strong data-start=\"856\" data-end=\"881\">Compagnie Maison M\u00e8re<\/strong><\/span><br data-start=\"881\" data-end=\"884\" \/><span style=\"color: #000000;\">Collectif artistique\u00a0<\/span><br data-start=\"959\" data-end=\"962\" \/><span style=\"color: #000000;\">Contact : compagniemaisonmere@gmail.com<\/span><\/p>\n<hr data-start=\"1006\" data-end=\"1009\" \/>\n<h2 data-start=\"1011\" data-end=\"1048\"><span style=\"color: #000000;\">3. Donn\u00e9es personnelles collect\u00e9es<\/span><\/h2>\n<h3 data-start=\"1050\" data-end=\"1069\"><span style=\"color: #000000;\">a. Commentaires<\/span><\/h3>\n<p data-start=\"1070\" data-end=\"1139\"><span style=\"color: #000000;\">Lorsque vous laissez un commentaire sur notre site, nous collectons :<\/span><\/p>\n<ul data-start=\"1140\" data-end=\"1342\">\n<li data-start=\"1140\" data-end=\"1230\">\n<p data-start=\"1142\" data-end=\"1230\"><span style=\"color: #000000;\">les donn\u00e9es inscrites dans le formulaire de commentaire (nom, adresse e-mail, message) ;<\/span><\/p>\n<\/li>\n<li data-start=\"1231\" data-end=\"1342\">\n<p data-start=\"1233\" data-end=\"1342\"><span style=\"color: #000000;\">votre adresse IP et l\u2019agent utilisateur de votre navigateur (afin de d\u00e9tecter les commentaires ind\u00e9sirables).<\/span><\/p>\n<\/li>\n<\/ul>\n<p data-start=\"1344\" data-end=\"1612\"><span style=\"color: #000000;\">Une cha\u00eene anonymis\u00e9e (hash) cr\u00e9\u00e9e \u00e0 partir de votre adresse e-mail peut \u00eatre transmise au service <strong data-start=\"1443\" data-end=\"1455\">Gravatar<\/strong> pour v\u00e9rifier si vous utilisez ce service.<\/span><br data-start=\"1498\" data-end=\"1501\" \/><span style=\"color: #000000;\">Politique de confidentialit\u00e9 de Gravatar : <a data-start=\"1544\" data-end=\"1610\" class=\"decorated-link\" rel=\"noopener\" target=\"_new\" href=\"https:\/\/automattic.com\/privacy\/\" style=\"color: #000000;\">https:\/\/automattic.com\/privacy\/<span aria-hidden=\"true\" class=\"ms-0.5 inline-block align-middle leading-none\"><svg width=\"20\" height=\"20\" viewbox=\"0 0 20 20\" fill=\"currentColor\" xmlns=\"http:\/\/www.w3.org\/2000\/svg\" data-rtl-flip=\"\" class=\"block h-[0.75em] w-[0.75em] stroke-current stroke-[0.75]\"><path d=\"M14.3349 13.3301V6.60645L5.47065 15.4707C5.21095 15.7304 4.78895 15.7304 4.52925 15.4707C4.26955 15.211 4.26955 14.789 4.52925 14.5293L13.3935 5.66504H6.66011C6.29284 5.66504 5.99507 5.36727 5.99507 5C5.99507 4.63273 6.29284 4.33496 6.66011 4.33496H14.9999L15.1337 4.34863C15.4369 4.41057 15.665 4.67857 15.665 5V13.3301C15.6649 13.6973 15.3672 13.9951 14.9999 13.9951C14.6327 13.9951 14.335 13.6973 14.3349 13.3301Z\"><\/path><\/svg><\/span><\/a><\/span><\/p>\n<p data-start=\"1614\" data-end=\"1708\"><span style=\"color: #000000;\">Apr\u00e8s validation, votre photo de profil sera visible publiquement \u00e0 c\u00f4t\u00e9 de votre commentaire.<\/span><\/p>\n<hr data-start=\"1710\" data-end=\"1713\" \/>\n<h3 data-start=\"1715\" data-end=\"1728\"><span style=\"color: #000000;\">b. M\u00e9dias<\/span><\/h3>\n<p data-start=\"1729\" data-end=\"1904\"><span style=\"color: #000000;\">Si vous t\u00e9l\u00e9versez des images sur le site, \u00e9vitez de le faire avec des donn\u00e9es EXIF de coordonn\u00e9es GPS, car les visiteurs pourraient extraire ces informations de localisation.<\/span><\/p>\n<hr data-start=\"1906\" data-end=\"1909\" \/>\n<h3 data-start=\"1911\" data-end=\"1925\"><span style=\"color: #000000;\">c. Cookies<\/span><\/h3>\n<p data-start=\"1926\" data-end=\"2032\"><span style=\"color: #000000;\">Notre site utilise des cookies pour am\u00e9liorer votre exp\u00e9rience de navigation.<\/span><br data-start=\"2003\" data-end=\"2006\" \/><span style=\"color: #000000;\">Ces cookies peuvent \u00eatre :<\/span><\/p>\n<ul data-start=\"2033\" data-end=\"2356\">\n<li data-start=\"2033\" data-end=\"2163\">\n<p data-start=\"2035\" data-end=\"2163\"><span style=\"color: #000000;\">des <strong data-start=\"2039\" data-end=\"2061\">cookies techniques<\/strong> (n\u00e9cessaires au fonctionnement du site, par exemple pour les connexions ou pr\u00e9f\u00e9rences d\u2019affichage) ;<\/span><\/p>\n<\/li>\n<li data-start=\"2164\" data-end=\"2244\">\n<p data-start=\"2166\" data-end=\"2244\"><span style=\"color: #000000;\">des <strong data-start=\"2170\" data-end=\"2192\">cookies de confort<\/strong> (m\u00e9morisation de vos informations de commentaire) ;<\/span><\/p>\n<\/li>\n<li data-start=\"2245\" data-end=\"2356\">\n<p data-start=\"2247\" data-end=\"2356\"><span style=\"color: #000000;\">des <strong data-start=\"2251\" data-end=\"2279\">cookies li\u00e9s \u00e0 Yoast SEO<\/strong>, permettant d\u2019optimiser la visibilit\u00e9 du site dans les moteurs de recherche.<\/span><\/p>\n<\/li>\n<\/ul>\n<p data-start=\"2358\" data-end=\"2389\"><span style=\"color: #000000;\"><strong data-start=\"2358\" data-end=\"2389\">Dur\u00e9es de vie des cookies :<\/strong><\/span><\/p>\n<ul data-start=\"2390\" data-end=\"2616\">\n<li data-start=\"2390\" data-end=\"2476\">\n<p data-start=\"2392\" data-end=\"2476\"><span style=\"color: #000000;\">Cookie de connexion : 2 jours (ou 2 semaines si \u00ab se souvenir de moi \u00bb est activ\u00e9) ;<\/span><\/p>\n<\/li>\n<li data-start=\"2477\" data-end=\"2511\">\n<p data-start=\"2479\" data-end=\"2511\"><span style=\"color: #000000;\">Cookie d\u2019option d\u2019\u00e9cran : 1 an ;<\/span><\/p>\n<\/li>\n<li data-start=\"2512\" data-end=\"2544\">\n<p data-start=\"2514\" data-end=\"2544\"><span style=\"color: #000000;\">Cookie de commentaire : 1 an ;<\/span><\/p>\n<\/li>\n<li data-start=\"2545\" data-end=\"2616\">\n<p data-start=\"2547\" data-end=\"2616\"><span style=\"color: #000000;\">Cookie temporaire de session : supprim\u00e9 \u00e0 la fermeture du navigateur.<\/span><\/p>\n<\/li>\n<\/ul>\n<p data-start=\"2618\" data-end=\"2706\"><span style=\"color: #000000;\">Vous pouvez \u00e0 tout moment d\u00e9sactiver les cookies via les param\u00e8tres de votre navigateur.<\/span><\/p>\n<hr data-start=\"2708\" data-end=\"2711\" \/>\n<h3 data-start=\"2713\" data-end=\"2758\"><span style=\"color: #000000;\">d. Contenu embarqu\u00e9 depuis d\u2019autres sites<\/span><\/h3>\n<p data-start=\"2759\" data-end=\"2954\"><span style=\"color: #000000;\">Les pages du Site peuvent inclure des contenus int\u00e9gr\u00e9s (vid\u00e9os, images, publications, etc.).<\/span><br data-start=\"2852\" data-end=\"2855\" \/><span style=\"color: #000000;\">Ces contenus se comportent comme si le visiteur se rendait sur le site tiers.<\/span><br data-start=\"2932\" data-end=\"2935\" \/><span style=\"color: #000000;\">Ces sites peuvent :<\/span><\/p>\n<ul data-start=\"2955\" data-end=\"3147\">\n<li data-start=\"2955\" data-end=\"2995\">\n<p data-start=\"2957\" data-end=\"2995\"><span style=\"color: #000000;\">collecter des donn\u00e9es vous concernant,<\/span><\/p>\n<\/li>\n<li data-start=\"2996\" data-end=\"3019\">\n<p data-start=\"2998\" data-end=\"3019\"><span style=\"color: #000000;\">utiliser des cookies,<\/span><\/p>\n<\/li>\n<li data-start=\"3020\" data-end=\"3058\">\n<p data-start=\"3022\" data-end=\"3058\"><span style=\"color: #000000;\">embarquer des outils de suivi tiers,<\/span><\/p>\n<\/li>\n<li data-start=\"3059\" data-end=\"3147\">\n<p data-start=\"3061\" data-end=\"3147\"><span style=\"color: #000000;\">suivre vos interactions avec ces contenus, si vous disposez d\u2019un compte sur ces sites.<\/span><\/p>\n<\/li>\n<\/ul>\n<hr data-start=\"3149\" data-end=\"3152\" \/>\n<h2 data-start=\"3154\" data-end=\"3202\"><span style=\"color: #000000;\">4. Utilisation et transmission de vos donn\u00e9es<\/span><\/h2>\n<p data-start=\"3203\" data-end=\"3243\"><span style=\"color: #000000;\">Vos donn\u00e9es ne sont utilis\u00e9es que pour :<\/span><\/p>\n<ul data-start=\"3244\" data-end=\"3435\">\n<li data-start=\"3244\" data-end=\"3299\">\n<p data-start=\"3246\" data-end=\"3299\"><span style=\"color: #000000;\">la gestion des commentaires et \u00e9changes sur le site ;<\/span><\/p>\n<\/li>\n<li data-start=\"3300\" data-end=\"3338\">\n<p data-start=\"3302\" data-end=\"3338\"><span style=\"color: #000000;\">l\u2019administration technique du site ;<\/span><\/p>\n<\/li>\n<li data-start=\"3339\" data-end=\"3435\">\n<p data-start=\"3341\" data-end=\"3435\"><span style=\"color: #000000;\">l\u2019optimisation du r\u00e9f\u00e9rencement via <strong data-start=\"3377\" data-end=\"3390\">Yoast SEO<\/strong> (sans collecte d\u2019informations personnelles).<\/span><\/p>\n<\/li>\n<\/ul>\n<p data-start=\"3437\" data-end=\"3639\"><span style=\"color: #000000;\">Nous ne vendons, ni ne louons, ni ne c\u00e9dons vos donn\u00e9es \u00e0 des tiers \u00e0 des fins commerciales.<\/span><br data-start=\"3529\" data-end=\"3532\" \/><span style=\"color: #000000;\">Les commentaires des visiteurs peuvent \u00eatre v\u00e9rifi\u00e9s \u00e0 l\u2019aide d\u2019un service automatis\u00e9 de d\u00e9tection de spam.<\/span><\/p>\n<hr data-start=\"3641\" data-end=\"3644\" \/>\n<h2 data-start=\"3646\" data-end=\"3674\"><span style=\"color: #000000;\">5. Dur\u00e9es de conservation<\/span><\/h2>\n<ul data-start=\"3675\" data-end=\"3970\">\n<li data-start=\"3675\" data-end=\"3794\">\n<p data-start=\"3677\" data-end=\"3794\"><span style=\"color: #000000;\"><strong data-start=\"3677\" data-end=\"3693\">Commentaires<\/strong> : conserv\u00e9s ind\u00e9finiment pour permettre la reconnaissance automatique des commentaires ult\u00e9rieurs.<\/span><\/p>\n<\/li>\n<li data-start=\"3795\" data-end=\"3917\">\n<p data-start=\"3797\" data-end=\"3917\"><span style=\"color: #000000;\"><strong data-start=\"3797\" data-end=\"3838\">Comptes utilisateurs (le cas \u00e9ch\u00e9ant)<\/strong> : les informations du profil sont conserv\u00e9es tant que le compte reste actif.<\/span><\/p>\n<\/li>\n<li data-start=\"3918\" data-end=\"3970\">\n<p data-start=\"3920\" data-end=\"3970\"><span style=\"color: #000000;\"><strong data-start=\"3920\" data-end=\"3931\">Cookies<\/strong> : selon la dur\u00e9e mentionn\u00e9e ci-dessus.<\/span><\/p>\n<\/li>\n<\/ul>\n<hr data-start=\"3972\" data-end=\"3975\" \/>\n<h2 data-start=\"3977\" data-end=\"4009\"><span style=\"color: #000000;\">6. Vos droits sur vos donn\u00e9es<\/span><\/h2>\n<p data-start=\"4010\" data-end=\"4067\"><span style=\"color: #000000;\">Conform\u00e9ment au RGPD, vous disposez des droits suivants :<\/span><\/p>\n<ul data-start=\"4068\" data-end=\"4351\">\n<li data-start=\"4068\" data-end=\"4108\">\n<p data-start=\"4070\" data-end=\"4108\"><span style=\"color: #000000;\"><strong data-start=\"4070\" data-end=\"4079\">Acc\u00e8s<\/strong> \u00e0 vos donn\u00e9es personnelles ;<\/span><\/p>\n<\/li>\n<li data-start=\"4109\" data-end=\"4166\">\n<p data-start=\"4111\" data-end=\"4166\"><span style=\"color: #000000;\"><strong data-start=\"4111\" data-end=\"4128\">Rectification<\/strong> de donn\u00e9es inexactes ou incompl\u00e8tes ;<\/span><\/p>\n<\/li>\n<li data-start=\"4167\" data-end=\"4227\">\n<p data-start=\"4169\" data-end=\"4227\"><span style=\"color: #000000;\"><strong data-start=\"4169\" data-end=\"4184\">Suppression<\/strong> de vos donn\u00e9es, dans les limites l\u00e9gales ;<\/span><\/p>\n<\/li>\n<li data-start=\"4228\" data-end=\"4282\">\n<p data-start=\"4230\" data-end=\"4282\"><span style=\"color: #000000;\"><strong data-start=\"4230\" data-end=\"4244\">Opposition<\/strong> \u00e0 leur traitement dans certains cas ;<\/span><\/p>\n<\/li>\n<li data-start=\"4283\" data-end=\"4351\">\n<p data-start=\"4285\" data-end=\"4351\"><span style=\"color: #000000;\"><strong data-start=\"4285\" data-end=\"4300\">Portabilit\u00e9<\/strong> (transfert de vos donn\u00e9es dans un format lisible).<\/span><\/p>\n<\/li>\n<\/ul>\n<p data-start=\"4353\" data-end=\"4462\"><span style=\"color: #000000;\">Pour exercer vos droits, contactez-nous \u00e0 l\u2019adresse suivante :<\/span><br data-start=\"4418\" data-end=\"4421\" \/><span style=\"color: #000000;\"><strong data-start=\"4421\" data-end=\"4462\">compagniemaisonmere@gmail.com<\/strong><\/span><\/p>\n<hr data-start=\"4464\" data-end=\"4467\" \/>\n<h2 data-start=\"4469\" data-end=\"4495\"><span style=\"color: #000000;\">7. S\u00e9curit\u00e9 des donn\u00e9es<\/span><\/h2>\n<p data-start=\"4496\" data-end=\"4688\"><span style=\"color: #000000;\">Nous mettons en \u0153uvre toutes les mesures techniques et organisationnelles n\u00e9cessaires pour prot\u00e9ger vos donn\u00e9es contre toute perte, usage abusif, acc\u00e8s non autoris\u00e9, divulgation ou alt\u00e9ration.<\/span><\/p>\n<hr data-start=\"4690\" data-end=\"4693\" \/>\n<h2 data-start=\"4695\" data-end=\"4749\"><span style=\"color: #000000;\">8. Modifications de la politique de confidentialit\u00e9<\/span><\/h2>\n<p data-start=\"4750\" data-end=\"4980\"><span style=\"color: #000000;\">La Compagnie Maison M\u00e8re se r\u00e9serve le droit de modifier la pr\u00e9sente politique \u00e0 tout moment, notamment pour se conformer \u00e0 toute \u00e9volution l\u00e9gislative ou technique.<\/span><br data-start=\"4915\" data-end=\"4918\" \/><span style=\"color: #000000;\">La date de derni\u00e8re mise \u00e0 jour figurera en bas de cette page.<\/span><\/p>\n<hr data-start=\"4982\" data-end=\"4985\" \/>\n<p data-start=\"4987\" data-end=\"5029\"><span style=\"color: #000000;\"><strong data-start=\"4990\" data-end=\"5029\">Derni\u00e8re mise \u00e0 jour : octobre 2025<\/strong><\/span><\/p>\n<p>[\/et_pb_text][\/et_pb_column][\/et_pb_row][\/et_pb_section]<\/p>\n","protected":false},"excerpt":{"rendered":"<p>Politique de Confidentialit\u00e91. Introduction La pr\u00e9sente politique de confidentialit\u00e9 a pour objectif d\u2019informer les visiteurs du site Compagnie Maison M\u00e8re (ci-apr\u00e8s \u00abhttps:\/\/www.compagniemaisonmere.com\u00bb) sur la mani\u00e8re dont leurs donn\u00e9es personnelles sont collect\u00e9es, utilis\u00e9es et prot\u00e9g\u00e9es. En visitant notre Site, vous acceptez les pratiques d\u00e9crites ci-dessous, conform\u00e9ment au R\u00e8glement G\u00e9n\u00e9ral sur la Protection des Donn\u00e9es (RGPD) et [&hellip;]<\/p>\n","protected":false},"author":1,"featured_media":0,"parent":0,"menu_order":0,"comment_status":"closed","ping_status":"closed","template":"","meta":{"_et_pb_use_builder":"on","_et_pb_old_content":"","_et_gb_content_width":"","footnotes":""},"class_list":["post-361","page","type-page","status-publish","hentry"],"yoast_head":"<!-- This site is optimized with the Yoast SEO plugin v26.5 - https:\/\/yoast.com\/wordpress\/plugins\/seo\/ -->\n<title>Politique de confidentialit\u00e9 - WordPress<\/title>\n<meta name=\"robots\" content=\"index, follow, max-snippet:-1, max-image-preview:large, max-video-preview:-1\" \/>\n<link rel=\"canonical\" href=\"https:\/\/www.compagniemaisonmere.com\/index.php\/politique-de-confidentialite\/\" \/>\n<meta property=\"og:locale\" content=\"fr_FR\" \/>\n<meta property=\"og:type\" content=\"article\" \/>\n<meta property=\"og:title\" content=\"Politique de confidentialit\u00e9 - WordPress\" \/>\n<meta property=\"og:description\" content=\"Politique de Confidentialit\u00e91. Introduction La pr\u00e9sente politique de confidentialit\u00e9 a pour objectif d\u2019informer les visiteurs du site Compagnie Maison M\u00e8re (ci-apr\u00e8s \u00abhttps:\/\/www.compagniemaisonmere.com\u00bb) sur la mani\u00e8re dont leurs donn\u00e9es personnelles sont collect\u00e9es, utilis\u00e9es et prot\u00e9g\u00e9es. En visitant notre Site, vous acceptez les pratiques d\u00e9crites ci-dessous, conform\u00e9ment au R\u00e8glement G\u00e9n\u00e9ral sur la Protection des Donn\u00e9es (RGPD) et [&hellip;]\" \/>\n<meta property=\"og:url\" content=\"https:\/\/www.compagniemaisonmere.com\/index.php\/politique-de-confidentialite\/\" \/>\n<meta property=\"og:site_name\" content=\"WordPress\" \/>\n<meta property=\"article:modified_time\" content=\"2025-11-12T11:33:40+00:00\" \/>\n<meta name=\"twitter:card\" content=\"summary_large_image\" \/>\n<script type=\"application\/ld+json\" class=\"yoast-schema-graph\">{\"@context\":\"https:\/\/schema.org\",\"@graph\":[{\"@type\":\"WebPage\",\"@id\":\"https:\/\/www.compagniemaisonmere.com\/index.php\/politique-de-confidentialite\/\",\"url\":\"https:\/\/www.compagniemaisonmere.com\/index.php\/politique-de-confidentialite\/\",\"name\":\"Politique de confidentialit\u00e9 - WordPress\",\"isPartOf\":{\"@id\":\"https:\/\/www.compagniemaisonmere.com\/#website\"},\"datePublished\":\"2025-10-28T20:15:18+00:00\",\"dateModified\":\"2025-11-12T11:33:40+00:00\",\"breadcrumb\":{\"@id\":\"https:\/\/www.compagniemaisonmere.com\/index.php\/politique-de-confidentialite\/#breadcrumb\"},\"inLanguage\":\"fr-FR\",\"potentialAction\":[{\"@type\":\"ReadAction\",\"target\":[\"https:\/\/www.compagniemaisonmere.com\/index.php\/politique-de-confidentialite\/\"]}]},{\"@type\":\"BreadcrumbList\",\"@id\":\"https:\/\/www.compagniemaisonmere.com\/index.php\/politique-de-confidentialite\/#breadcrumb\",\"itemListElement\":[{\"@type\":\"ListItem\",\"position\":1,\"name\":\"Accueil\",\"item\":\"https:\/\/www.compagniemaisonmere.com\/\"},{\"@type\":\"ListItem\",\"position\":2,\"name\":\"Politique de confidentialit\u00e9\"}]},{\"@type\":\"WebSite\",\"@id\":\"https:\/\/www.compagniemaisonmere.com\/#website\",\"url\":\"https:\/\/www.compagniemaisonmere.com\/\",\"name\":\"WordPress\",\"description\":\"\",\"potentialAction\":[{\"@type\":\"SearchAction\",\"target\":{\"@type\":\"EntryPoint\",\"urlTemplate\":\"https:\/\/www.compagniemaisonmere.com\/?s={search_term_string}\"},\"query-input\":{\"@type\":\"PropertyValueSpecification\",\"valueRequired\":true,\"valueName\":\"search_term_string\"}}],\"inLanguage\":\"fr-FR\"}]}<\/script>\n<!-- \/ Yoast SEO plugin. -->","yoast_head_json":{"title":"Politique de confidentialit\u00e9 - WordPress","robots":{"index":"index","follow":"follow","max-snippet":"max-snippet:-1","max-image-preview":"max-image-preview:large","max-video-preview":"max-video-preview:-1"},"canonical":"https:\/\/www.compagniemaisonmere.com\/index.php\/politique-de-confidentialite\/","og_locale":"fr_FR","og_type":"article","og_title":"Politique de confidentialit\u00e9 - WordPress","og_description":"Politique de Confidentialit\u00e91. Introduction La pr\u00e9sente politique de confidentialit\u00e9 a pour objectif d\u2019informer les visiteurs du site Compagnie Maison M\u00e8re (ci-apr\u00e8s \u00abhttps:\/\/www.compagniemaisonmere.com\u00bb) sur la mani\u00e8re dont leurs donn\u00e9es personnelles sont collect\u00e9es, utilis\u00e9es et prot\u00e9g\u00e9es. En visitant notre Site, vous acceptez les pratiques d\u00e9crites ci-dessous, conform\u00e9ment au R\u00e8glement G\u00e9n\u00e9ral sur la Protection des Donn\u00e9es (RGPD) et [&hellip;]","og_url":"https:\/\/www.compagniemaisonmere.com\/index.php\/politique-de-confidentialite\/","og_site_name":"WordPress","article_modified_time":"2025-11-12T11:33:40+00:00","twitter_card":"summary_large_image","schema":{"@context":"https:\/\/schema.org","@graph":[{"@type":"WebPage","@id":"https:\/\/www.compagniemaisonmere.com\/index.php\/politique-de-confidentialite\/","url":"https:\/\/www.compagniemaisonmere.com\/index.php\/politique-de-confidentialite\/","name":"Politique de confidentialit\u00e9 - WordPress","isPartOf":{"@id":"https:\/\/www.compagniemaisonmere.com\/#website"},"datePublished":"2025-10-28T20:15:18+00:00","dateModified":"2025-11-12T11:33:40+00:00","breadcrumb":{"@id":"https:\/\/www.compagniemaisonmere.com\/index.php\/politique-de-confidentialite\/#breadcrumb"},"inLanguage":"fr-FR","potentialAction":[{"@type":"ReadAction","target":["https:\/\/www.compagniemaisonmere.com\/index.php\/politique-de-confidentialite\/"]}]},{"@type":"BreadcrumbList","@id":"https:\/\/www.compagniemaisonmere.com\/index.php\/politique-de-confidentialite\/#breadcrumb","itemListElement":[{"@type":"ListItem","position":1,"name":"Accueil","item":"https:\/\/www.compagniemaisonmere.com\/"},{"@type":"ListItem","position":2,"name":"Politique de confidentialit\u00e9"}]},{"@type":"WebSite","@id":"https:\/\/www.compagniemaisonmere.com\/#website","url":"https:\/\/www.compagniemaisonmere.com\/","name":"WordPress","description":"","potentialAction":[{"@type":"SearchAction","target":{"@type":"EntryPoint","urlTemplate":"https:\/\/www.compagniemaisonmere.com\/?s={search_term_string}"},"query-input":{"@type":"PropertyValueSpecification","valueRequired":true,"valueName":"search_term_string"}}],"inLanguage":"fr-FR"}]}},"_links":{"self":[{"href":"https:\/\/www.compagniemaisonmere.com\/index.php\/wp-json\/wp\/v2\/pages\/361","targetHints":{"allow":["GET"]}}],"collection":[{"href":"https:\/\/www.compagniemaisonmere.com\/index.php\/wp-json\/wp\/v2\/pages"}],"about":[{"href":"https:\/\/www.compagniemaisonmere.com\/index.php\/wp-json\/wp\/v2\/types\/page"}],"author":[{"embeddable":true,"href":"https:\/\/www.compagniemaisonmere.com\/index.php\/wp-json\/wp\/v2\/users\/1"}],"replies":[{"embeddable":true,"href":"https:\/\/www.compagniemaisonmere.com\/index.php\/wp-json\/wp\/v2\/comments?post=361"}],"version-history":[{"count":4,"href":"https:\/\/www.compagniemaisonmere.com\/index.php\/wp-json\/wp\/v2\/pages\/361\/revisions"}],"predecessor-version":[{"id":574,"href":"https:\/\/www.compagniemaisonmere.com\/index.php\/wp-json\/wp\/v2\/pages\/361\/revisions\/574"}],"wp:attachment":[{"href":"https:\/\/www.compagniemaisonmere.com\/index.php\/wp-json\/wp\/v2\/media?parent=361"}],"curies":[{"name":"wp","href":"https:\/\/api.w.org\/{rel}","templated":true}]}}