{"id":148,"date":"2025-09-30T13:59:21","date_gmt":"2025-09-30T13:59:21","guid":{"rendered":"https:\/\/phakjbr.cluster100.hosting.ovh.net\/?page_id=148"},"modified":"2025-11-12T10:05:54","modified_gmt":"2025-11-12T10:05:54","slug":"pascal-pouvreau","status":"publish","type":"page","link":"https:\/\/www.compagniemaisonmere.com\/index.php\/pascal-pouvreau\/","title":{"rendered":"Pascal Pouvreau"},"content":{"rendered":"<p>[et_pb_section fb_built=\u00a0\u00bb1&Prime; admin_label=\u00a0\u00bbHeader\u00a0\u00bb _builder_version=\u00a0\u00bb4.27.4&Prime; _module_preset=\u00a0\u00bbdefault\u00a0\u00bb background_color=\u00a0\u00bb#141414&Prime; background_enable_color=\u00a0\u00bboff\u00a0\u00bb background_image=\u00a0\u00bbhttps:\/\/www.compagniemaisonmere.com\/wp-content\/uploads\/2025\/09\/event-space-46-1.jpg\u00a0\u00bb parallax=\u00a0\u00bbon\u00a0\u00bb custom_padding=\u00a0\u00bb64px||15px||false|false\u00a0\u00bb global_colors_info=\u00a0\u00bb{%22gcid-3f47e762-ddb9-4bcc-9a88-eb1cda6175db%22:%91%93}\u00a0\u00bb][et_pb_row _builder_version=\u00a0\u00bb4.27.4&Prime; _module_preset=\u00a0\u00bbdefault\u00a0\u00bb column_structure=\u00a0\u00bb3_5,2_5&Prime;][et_pb_column _builder_version=\u00a0\u00bb4.27.4&Prime; _module_preset=\u00a0\u00bbdefault\u00a0\u00bb type=\u00a0\u00bb3_5&Prime;][et_pb_text _builder_version=\u00a0\u00bb4.27.4&Prime; _module_preset=\u00a0\u00bbdefault\u00a0\u00bb header_font=\u00a0\u00bb&#8211;et_global_body_font||||||||\u00a0\u00bb header_font_size=\u00a0\u00bb80px\u00a0\u00bb hover_enabled=\u00a0\u00bb0&Prime; sticky_enabled=\u00a0\u00bb0&Prime;]<\/p>\n<h1><span style=\"color: #ffffff;\">Pascal Pouvreau<\/span><\/h1>\n<p>[\/et_pb_text][\/et_pb_column][et_pb_column _builder_version=\u00a0\u00bb4.27.4&Prime; _module_preset=\u00a0\u00bbdefault\u00a0\u00bb type=\u00a0\u00bb2_5&Prime;][et_pb_image src=\u00a0\u00bbhttps:\/\/www.compagniemaisonmere.com\/wp-content\/uploads\/2025\/11\/comete-claire-scaled.png\u00a0\u00bb _builder_version=\u00a0\u00bb4.27.4&Prime; _module_preset=\u00a0\u00bbdefault\u00a0\u00bb title_text=\u00a0\u00bbcomete claire\u00a0\u00bb hover_enabled=\u00a0\u00bb0&Prime; sticky_enabled=\u00a0\u00bb0&Prime; custom_padding=\u00a0\u00bb59px||7px|||\u00a0\u00bb][\/et_pb_image][\/et_pb_column][\/et_pb_row][\/et_pb_section][et_pb_section fb_built=\u00a0\u00bb1&Prime; admin_label=\u00a0\u00bbBlog\u00a0\u00bb _builder_version=\u00a0\u00bb4.27.4&Prime; _module_preset=\u00a0\u00bbdefault\u00a0\u00bb background_color=\u00a0\u00bb#f8f5ea\u00a0\u00bb locked=\u00a0\u00bboff\u00a0\u00bb global_colors_info=\u00a0\u00bb{}\u00a0\u00bb][et_pb_row _builder_version=\u00a0\u00bb4.27.4&Prime; _module_preset=\u00a0\u00bbdefault\u00a0\u00bb global_colors_info=\u00a0\u00bb{}\u00a0\u00bb][et_pb_column type=\u00a0\u00bb4_4&Prime; _builder_version=\u00a0\u00bb4.27.4&Prime; _module_preset=\u00a0\u00bbdefault\u00a0\u00bb global_colors_info=\u00a0\u00bb{}\u00a0\u00bb][et_pb_image src=\u00a0\u00bbhttps:\/\/www.compagniemaisonmere.com\/wp-content\/uploads\/2025\/10\/photoPascalBio-scaled.jpg\u00a0\u00bb title_text=\u00a0\u00bbphotoPascalBio\u00a0\u00bb _builder_version=\u00a0\u00bb4.27.4&Prime; _module_preset=\u00a0\u00bbdefault\u00a0\u00bb box_shadow_style=\u00a0\u00bbpreset1&Prime; global_colors_info=\u00a0\u00bb{}\u00a0\u00bb][\/et_pb_image][\/et_pb_column][\/et_pb_row][et_pb_row _builder_version=\u00a0\u00bb4.27.4&Prime; _module_preset=\u00a0\u00bbdefault\u00a0\u00bb global_colors_info=\u00a0\u00bb{}\u00a0\u00bb][et_pb_column type=\u00a0\u00bb4_4&Prime; _builder_version=\u00a0\u00bb4.27.4&Prime; _module_preset=\u00a0\u00bbdefault\u00a0\u00bb global_colors_info=\u00a0\u00bb{}\u00a0\u00bb][et_pb_text _builder_version=\u00a0\u00bb4.27.4&Prime; _module_preset=\u00a0\u00bbdefault\u00a0\u00bb text_font_size=\u00a0\u00bb16px\u00a0\u00bb global_colors_info=\u00a0\u00bb{}\u00a0\u00bb]<\/p>\n<h1><strong><span style=\"color: #000000;\">LA PETITE KERMESSE<\/span><\/strong><span style=\"color: #000000;\"><\/span><\/h1>\n<p><span style=\"color: #000000;\">Pascal Pouvreau propose un mini-parc joyeux et po\u00e9tique.<\/span><br \/><span style=\"color: #000000;\">Jouer avec l\u2019eau, jouer avec des billes, faire des ombres avec du sable ou des objets, entasser des cageots, on l\u2019aura compris, les \u00e9l\u00e9ments employ\u00e9s \u00e9voquent l&rsquo; \u00ab\u00a0Arte Povera\u00a0\u00bb , le th\u00e9\u00e2tre \u00e0 la mie de pain\u2026<\/span><br \/><span style=\"color: #000000;\">Par contre, les trouvailles imaginatives qui en r\u00e9sultent sont , elles, infinies.<\/span><br \/><span style=\"color: #000000;\">La petite kermesse, propose deux espaces : le dehors et le dedans , pour aiguiser la curiosit\u00e9 des enfants et partager entre petits et grands des moments ludiques.<\/span><\/p>\n<p><span style=\"color: #000000;\">Est-ce la surprise de d\u00e9couvrir un matin d\u2019enfance, un castelet de Guignol \u00a0dans le pr\u00e9au de son \u00e9cole ?<\/span><br \/><span style=\"color: #000000;\"> Est-ce le constat de la libert\u00e9 propos\u00e9e par une jeune troupe th\u00e9\u00e2trale en tourn\u00e9e ?<\/span><br \/><span style=\"color: #000000;\"> La joie de partager, adolescent, \u00a0des instants de rigolade en coulisse avec \u00ab\u00a0Raticide\u00a0\u00bb , groupe punk rock ?<\/span><br \/><span style=\"color: #000000;\"> Myst\u00e8re et boule de gomme.<\/span><br \/><span style=\"color: #000000;\"> La graine \u00e9tant sem\u00e9e, Pascal Pouvreau n\u2019a eu de cesse depuis, de rechercher des territoires sc\u00e9niques, musicaux , th\u00e9\u00e2traux ou l\u2019imagination est reine.<\/span><\/p>\n<p>[\/et_pb_text][et_pb_image src=\u00a0\u00bbhttps:\/\/www.compagniemaisonmere.com\/wp-content\/uploads\/2025\/10\/KERMESSE-PISCINE-EtienneFuLeSaulnier-scaled.jpg\u00a0\u00bb title_text=\u00a0\u00bbKERMESSE-PISCINE-EtienneFuLeSaulnier\u00a0\u00bb _builder_version=\u00a0\u00bb4.27.4&Prime; _module_preset=\u00a0\u00bbdefault\u00a0\u00bb box_shadow_style=\u00a0\u00bbpreset1&Prime; global_colors_info=\u00a0\u00bb{}\u00a0\u00bb][\/et_pb_image][\/et_pb_column][\/et_pb_row][et_pb_row column_structure=\u00a0\u00bb3_5,2_5&Prime; _builder_version=\u00a0\u00bb4.27.4&Prime; _module_preset=\u00a0\u00bbdefault\u00a0\u00bb global_colors_info=\u00a0\u00bb{}\u00a0\u00bb][et_pb_column type=\u00a0\u00bb3_5&Prime; _builder_version=\u00a0\u00bb4.27.4&Prime; _module_preset=\u00a0\u00bbdefault\u00a0\u00bb global_colors_info=\u00a0\u00bb{}\u00a0\u00bb][et_pb_text _builder_version=\u00a0\u00bb4.27.4&Prime; _module_preset=\u00a0\u00bbdefault\u00a0\u00bb text_font=\u00a0\u00bb&#8211;et_global_body_font||||||||\u00a0\u00bb text_font_size=\u00a0\u00bb16px\u00a0\u00bb global_colors_info=\u00a0\u00bb{}\u00a0\u00bb]<\/p>\n<h1><strong><span style=\"color: #000000;\">LE P\u00c9LICAN<\/span><\/strong><\/h1>\n<p><span style=\"color: #000000;\">Est-ce la surprise de d\u00e9couvrir un matin d\u2019enfance, un castelet de Guignol \u00a0dans le pr\u00e9au de son \u00e9cole ?<\/span><br \/><span style=\"color: #000000;\"> Est-ce le constat de la libert\u00e9 propos\u00e9e par une jeune troupe th\u00e9\u00e2trale en tourn\u00e9e ?<\/span><br \/><span style=\"color: #000000;\"> La joie de partager, adolescent, \u00a0des instants de rigolade en coulisse avec \u00ab\u00a0Raticide\u00a0\u00bb , groupe punk rock ?<\/span><br \/><span style=\"color: #000000;\"> Myst\u00e8re et boule de gomme.<\/span><br \/><span style=\"color: #000000;\"> La graine \u00e9tant sem\u00e9e, Pascal Pouvreau n\u2019a eu de cesse depuis, de rechercher des territoires sc\u00e9niques, musicaux , th\u00e9\u00e2traux ou l\u2019imagination est reine.<\/span><\/p>\n<p><span style=\"color: #000000;\">Pourquoi Desnos ?<\/span><br \/><span style=\"color: #000000;\"> Pour le plaisir des enfants \u00e0 savourer des mots nouveaux, \u00e0 jouer avec leurs sonorit\u00e9s.<\/span><br \/><span style=\"color: #000000;\"> Pour le plaisir des les chanter.<\/span><br \/><span style=\"color: #000000;\"> Pascal Pouvreau a choisi Quinze po\u00e9sies, toutes issues du recueil \u00ab\u00a0Chantefables et Chantefleurs\u00a0\u00bb.<\/span><br \/><span style=\"color: #000000;\"> On y d\u00e9couvre des p\u00e9licans bien sur, mais aussi des tortues, des homards et des bouquets de Lavande.<\/span><br \/><span style=\"color: #000000;\"> Pascal Pouvreau accompagne son chant en jouant avec des instruments acoustiques \u00e0 cordes et petites percussions.<\/span><br \/><span style=\"color: #000000;\"> Le d\u00e9roul\u00e9 du spectacle est ponctu\u00e9e par la d\u00e9couverte d\u2019illustrations de Val\u00e9rie Fayoux qui habillent petit \u00e0 petit, le d\u00e9cor minimaliste.<\/span><\/p>\n<p>[\/et_pb_text][\/et_pb_column][et_pb_column type=\u00a0\u00bb2_5&Prime; _builder_version=\u00a0\u00bb4.27.4&Prime; _module_preset=\u00a0\u00bbdefault\u00a0\u00bb global_colors_info=\u00a0\u00bb{}\u00a0\u00bb][et_pb_image src=\u00a0\u00bbhttps:\/\/www.compagniemaisonmere.com\/wp-content\/uploads\/2025\/10\/PascalPouvreauPelican-decor-scaled.jpg\u00a0\u00bb title_text=\u00a0\u00bbPascalPouvreauPelican&#8211;decor\u00a0\u00bb _builder_version=\u00a0\u00bb4.27.4&Prime; _module_preset=\u00a0\u00bbdefault\u00a0\u00bb animation_style=\u00a0\u00bbfade\u00a0\u00bb animation_duration=\u00a0\u00bb2000ms\u00a0\u00bb box_shadow_style=\u00a0\u00bbpreset1&Prime; global_colors_info=\u00a0\u00bb{}\u00a0\u00bb][\/et_pb_image][\/et_pb_column][\/et_pb_row][et_pb_row _builder_version=\u00a0\u00bb4.27.4&Prime; _module_preset=\u00a0\u00bbdefault\u00a0\u00bb global_colors_info=\u00a0\u00bb{}\u00a0\u00bb][et_pb_column type=\u00a0\u00bb4_4&Prime; _builder_version=\u00a0\u00bb4.27.4&Prime; _module_preset=\u00a0\u00bbdefault\u00a0\u00bb global_colors_info=\u00a0\u00bb{}\u00a0\u00bb][et_pb_text _builder_version=\u00a0\u00bb4.27.4&Prime; _module_preset=\u00a0\u00bbdefault\u00a0\u00bb text_font_size=\u00a0\u00bb16px\u00a0\u00bb global_colors_info=\u00a0\u00bb{}\u00a0\u00bb]<\/p>\n<h1><strong><span style=\"color: #000000;\">DOSSIER ARTISTIQUE<\/span><\/strong><\/h1>\n<p><span style=\"color: #000000;\">A consulter et t\u00e9l\u00e9charger depuis l&rsquo;interface ci-dessous.<\/span><\/p>\n<p>[\/et_pb_text][et_pb_text _builder_version=\u00a0\u00bb4.27.4&Prime; _module_preset=\u00a0\u00bbdefault\u00a0\u00bb custom_margin=\u00a0\u00bb-23px|||||\u00a0\u00bb global_colors_info=\u00a0\u00bb{}\u00a0\u00bb]<\/p>\n<p><span><div style=\"display:block\">\n<!-- FlowPaper PDF flipbook plugin v.2.0.6 wordpress.org\/plugins\/flowpaper\/ -->\n<iframe title=\"FlowPaper flipbook pdf viewer\" width=\"100%\" height=\"500\" scrolling=\"no\" class=\"flowpaper-class\" frameborder=\"0\" allowFullScreen=\"true\" lightbox=\"false\" cover id src = \"https:\/\/flowpaper.com\/flipbook\/?pdf=https:\/\/www.compagniemaisonmere.com\/wp-content\/uploads\/2025\/10\/DOSSIER-ARTISTIQUE-LE-PELICAN-2-2025.pdf?wp-hosted=1&title=&header=&theme=&singlepage=&thumbs=1&modified=2511121005\" seamless=\"seamless\" style=\"margin-bottom:0;display:block;\">Your browser does not seem to support iframes. <a href=\"https:\/\/flowpaper.com\/flipbook\/?pdf=https:\/\/www.compagniemaisonmere.com\/wp-content\/uploads\/2025\/10\/DOSSIER-ARTISTIQUE-LE-PELICAN-2-2025.pdf?wp-hosted=1\" target=\"_blank\">Click here to read this PDF<\/a>.<\/iframe>\n<div id=\"flowpaper-logo-bottom\" class=\"flowpaper-logo-bg\" style=\"background:linear-gradient(to right, rgba(0,0,0,0.65) 0%,rgba(0,0,0,0) 200px);width:100%;height:19px; padding-bottom: 1px; padding-left: 5px; padding-right: 10px; display: flex; align-items: center;z-index:9999\"><span style=\"height: 37px; padding-left: 6px;width:90%\"> <a id=\"flowpaper-link\" style=\"fill: #fff\" alt=\"FlowPaper logotype\" title=\"FlowPaper logotype\" href=\"https:\/\/flowpaper.com\" target=\"_blank\"> <img decoding=\"async\" alt=\"Publish PDF flipbooks online\" style=\"height:17px;width:auto;margin-top:11px;\" src=\"https:\/\/www.compagniemaisonmere.com\/wp-content\/plugins\/flowpaper-lite-pdf-flipbook\/assets\/flowpaper-logo.png\" border=\"0\"> <\/a> <\/span><span style=\" float: right; right: 0; font-size: 10px; white-space: nowrap; opacity:0.8\"><a href=\"https:\/\/flowpaper.com\/flipbook-maker\/\" target=\"_new\" style=\"text-decoration:none;border-bottom:none;\">Created using FlowPaper Flipbook Maker &#8599;<\/a><\/span><\/div><\/div>\r\n                <script>\r\n                document.addEventListener(\"DOMContentLoaded\", function(){\r\n                    var target_element, iframe_element;\r\n                    iframe_element = document.querySelector(\"iframe.flowpaper-class\");\r\n                    target_element = document.querySelector(\"\");\r\n                    iframe_element.style.height = target_element.offsetHeight + \"px\";\r\n                });\r\n                <\/script>\r\n            <\/span><\/p>\n<p>[\/et_pb_text][\/et_pb_column][\/et_pb_row][\/et_pb_section]<\/p>\n","protected":false},"excerpt":{"rendered":"<p>Pascal PouvreauLA PETITE KERMESSE Pascal Pouvreau propose un mini-parc joyeux et po\u00e9tique.Jouer avec l\u2019eau, jouer avec des billes, faire des ombres avec du sable ou des objets, entasser des cageots, on l\u2019aura compris, les \u00e9l\u00e9ments employ\u00e9s \u00e9voquent l&rsquo; \u00ab\u00a0Arte Povera\u00a0\u00bb , le th\u00e9\u00e2tre \u00e0 la mie de pain\u2026Par contre, les trouvailles imaginatives qui en r\u00e9sultent [&hellip;]<\/p>\n","protected":false},"author":1,"featured_media":0,"parent":0,"menu_order":0,"comment_status":"closed","ping_status":"closed","template":"","meta":{"_et_pb_use_builder":"on","_et_pb_old_content":"","_et_gb_content_width":"","footnotes":""},"class_list":["post-148","page","type-page","status-publish","hentry"],"yoast_head":"<!-- This site is optimized with the Yoast SEO plugin v26.5 - https:\/\/yoast.com\/wordpress\/plugins\/seo\/ -->\n<title>Pascal Pouvreau - WordPress<\/title>\n<meta name=\"robots\" content=\"index, follow, max-snippet:-1, max-image-preview:large, max-video-preview:-1\" \/>\n<link rel=\"canonical\" href=\"https:\/\/www.compagniemaisonmere.com\/index.php\/pascal-pouvreau\/\" \/>\n<meta property=\"og:locale\" content=\"fr_FR\" \/>\n<meta property=\"og:type\" content=\"article\" \/>\n<meta property=\"og:title\" content=\"Pascal Pouvreau - WordPress\" \/>\n<meta property=\"og:description\" content=\"Pascal PouvreauLA PETITE KERMESSE Pascal Pouvreau propose un mini-parc joyeux et po\u00e9tique.Jouer avec l\u2019eau, jouer avec des billes, faire des ombres avec du sable ou des objets, entasser des cageots, on l\u2019aura compris, les \u00e9l\u00e9ments employ\u00e9s \u00e9voquent l&#039; &quot;Arte Povera&quot; , le th\u00e9\u00e2tre \u00e0 la mie de pain\u2026Par contre, les trouvailles imaginatives qui en r\u00e9sultent [&hellip;]\" \/>\n<meta property=\"og:url\" content=\"https:\/\/www.compagniemaisonmere.com\/index.php\/pascal-pouvreau\/\" \/>\n<meta property=\"og:site_name\" content=\"WordPress\" \/>\n<meta property=\"article:modified_time\" content=\"2025-11-12T10:05:54+00:00\" \/>\n<meta name=\"twitter:card\" content=\"summary_large_image\" \/>\n<script type=\"application\/ld+json\" class=\"yoast-schema-graph\">{\"@context\":\"https:\/\/schema.org\",\"@graph\":[{\"@type\":\"WebPage\",\"@id\":\"https:\/\/www.compagniemaisonmere.com\/index.php\/pascal-pouvreau\/\",\"url\":\"https:\/\/www.compagniemaisonmere.com\/index.php\/pascal-pouvreau\/\",\"name\":\"Pascal Pouvreau - WordPress\",\"isPartOf\":{\"@id\":\"https:\/\/www.compagniemaisonmere.com\/#website\"},\"datePublished\":\"2025-09-30T13:59:21+00:00\",\"dateModified\":\"2025-11-12T10:05:54+00:00\",\"breadcrumb\":{\"@id\":\"https:\/\/www.compagniemaisonmere.com\/index.php\/pascal-pouvreau\/#breadcrumb\"},\"inLanguage\":\"fr-FR\",\"potentialAction\":[{\"@type\":\"ReadAction\",\"target\":[\"https:\/\/www.compagniemaisonmere.com\/index.php\/pascal-pouvreau\/\"]}]},{\"@type\":\"BreadcrumbList\",\"@id\":\"https:\/\/www.compagniemaisonmere.com\/index.php\/pascal-pouvreau\/#breadcrumb\",\"itemListElement\":[{\"@type\":\"ListItem\",\"position\":1,\"name\":\"Accueil\",\"item\":\"https:\/\/www.compagniemaisonmere.com\/\"},{\"@type\":\"ListItem\",\"position\":2,\"name\":\"Pascal Pouvreau\"}]},{\"@type\":\"WebSite\",\"@id\":\"https:\/\/www.compagniemaisonmere.com\/#website\",\"url\":\"https:\/\/www.compagniemaisonmere.com\/\",\"name\":\"WordPress\",\"description\":\"\",\"potentialAction\":[{\"@type\":\"SearchAction\",\"target\":{\"@type\":\"EntryPoint\",\"urlTemplate\":\"https:\/\/www.compagniemaisonmere.com\/?s={search_term_string}\"},\"query-input\":{\"@type\":\"PropertyValueSpecification\",\"valueRequired\":true,\"valueName\":\"search_term_string\"}}],\"inLanguage\":\"fr-FR\"}]}<\/script>\n<!-- \/ Yoast SEO plugin. -->","yoast_head_json":{"title":"Pascal Pouvreau - WordPress","robots":{"index":"index","follow":"follow","max-snippet":"max-snippet:-1","max-image-preview":"max-image-preview:large","max-video-preview":"max-video-preview:-1"},"canonical":"https:\/\/www.compagniemaisonmere.com\/index.php\/pascal-pouvreau\/","og_locale":"fr_FR","og_type":"article","og_title":"Pascal Pouvreau - WordPress","og_description":"Pascal PouvreauLA PETITE KERMESSE Pascal Pouvreau propose un mini-parc joyeux et po\u00e9tique.Jouer avec l\u2019eau, jouer avec des billes, faire des ombres avec du sable ou des objets, entasser des cageots, on l\u2019aura compris, les \u00e9l\u00e9ments employ\u00e9s \u00e9voquent l' \"Arte Povera\" , le th\u00e9\u00e2tre \u00e0 la mie de pain\u2026Par contre, les trouvailles imaginatives qui en r\u00e9sultent [&hellip;]","og_url":"https:\/\/www.compagniemaisonmere.com\/index.php\/pascal-pouvreau\/","og_site_name":"WordPress","article_modified_time":"2025-11-12T10:05:54+00:00","twitter_card":"summary_large_image","schema":{"@context":"https:\/\/schema.org","@graph":[{"@type":"WebPage","@id":"https:\/\/www.compagniemaisonmere.com\/index.php\/pascal-pouvreau\/","url":"https:\/\/www.compagniemaisonmere.com\/index.php\/pascal-pouvreau\/","name":"Pascal Pouvreau - WordPress","isPartOf":{"@id":"https:\/\/www.compagniemaisonmere.com\/#website"},"datePublished":"2025-09-30T13:59:21+00:00","dateModified":"2025-11-12T10:05:54+00:00","breadcrumb":{"@id":"https:\/\/www.compagniemaisonmere.com\/index.php\/pascal-pouvreau\/#breadcrumb"},"inLanguage":"fr-FR","potentialAction":[{"@type":"ReadAction","target":["https:\/\/www.compagniemaisonmere.com\/index.php\/pascal-pouvreau\/"]}]},{"@type":"BreadcrumbList","@id":"https:\/\/www.compagniemaisonmere.com\/index.php\/pascal-pouvreau\/#breadcrumb","itemListElement":[{"@type":"ListItem","position":1,"name":"Accueil","item":"https:\/\/www.compagniemaisonmere.com\/"},{"@type":"ListItem","position":2,"name":"Pascal Pouvreau"}]},{"@type":"WebSite","@id":"https:\/\/www.compagniemaisonmere.com\/#website","url":"https:\/\/www.compagniemaisonmere.com\/","name":"WordPress","description":"","potentialAction":[{"@type":"SearchAction","target":{"@type":"EntryPoint","urlTemplate":"https:\/\/www.compagniemaisonmere.com\/?s={search_term_string}"},"query-input":{"@type":"PropertyValueSpecification","valueRequired":true,"valueName":"search_term_string"}}],"inLanguage":"fr-FR"}]}},"_links":{"self":[{"href":"https:\/\/www.compagniemaisonmere.com\/index.php\/wp-json\/wp\/v2\/pages\/148","targetHints":{"allow":["GET"]}}],"collection":[{"href":"https:\/\/www.compagniemaisonmere.com\/index.php\/wp-json\/wp\/v2\/pages"}],"about":[{"href":"https:\/\/www.compagniemaisonmere.com\/index.php\/wp-json\/wp\/v2\/types\/page"}],"author":[{"embeddable":true,"href":"https:\/\/www.compagniemaisonmere.com\/index.php\/wp-json\/wp\/v2\/users\/1"}],"replies":[{"embeddable":true,"href":"https:\/\/www.compagniemaisonmere.com\/index.php\/wp-json\/wp\/v2\/comments?post=148"}],"version-history":[{"count":25,"href":"https:\/\/www.compagniemaisonmere.com\/index.php\/wp-json\/wp\/v2\/pages\/148\/revisions"}],"predecessor-version":[{"id":527,"href":"https:\/\/www.compagniemaisonmere.com\/index.php\/wp-json\/wp\/v2\/pages\/148\/revisions\/527"}],"wp:attachment":[{"href":"https:\/\/www.compagniemaisonmere.com\/index.php\/wp-json\/wp\/v2\/media?parent=148"}],"curies":[{"name":"wp","href":"https:\/\/api.w.org\/{rel}","templated":true}]}}