{"id":140,"date":"2025-09-30T13:57:01","date_gmt":"2025-09-30T13:57:01","guid":{"rendered":"https:\/\/phakjbr.cluster100.hosting.ovh.net\/?page_id=140"},"modified":"2025-11-12T11:31:16","modified_gmt":"2025-11-12T11:31:16","slug":"gina-et-les-feemotions","status":"publish","type":"page","link":"https:\/\/www.compagniemaisonmere.com\/index.php\/gina-et-les-feemotions\/","title":{"rendered":"Gina et les F\u00e9emotions"},"content":{"rendered":"<p>[et_pb_section fb_built=\u00a0\u00bb1&Prime; admin_label=\u00a0\u00bbHeader\u00a0\u00bb _builder_version=\u00a0\u00bb4.27.4&Prime; _module_preset=\u00a0\u00bbdefault\u00a0\u00bb background_color=\u00a0\u00bb#141414&Prime; background_enable_color=\u00a0\u00bboff\u00a0\u00bb background_image=\u00a0\u00bbhttps:\/\/www.compagniemaisonmere.com\/wp-content\/uploads\/2025\/09\/event-space-46-1.jpg\u00a0\u00bb parallax=\u00a0\u00bbon\u00a0\u00bb custom_padding=\u00a0\u00bb8px||15px||false|false\u00a0\u00bb global_colors_info=\u00a0\u00bb{%22gcid-3f47e762-ddb9-4bcc-9a88-eb1cda6175db%22:%91%93}\u00a0\u00bb][et_pb_row column_structure=\u00a0\u00bb3_5,2_5&Prime; _builder_version=\u00a0\u00bb4.27.4&Prime; _module_preset=\u00a0\u00bbdefault\u00a0\u00bb global_colors_info=\u00a0\u00bb{}\u00a0\u00bb][et_pb_column type=\u00a0\u00bb3_5&Prime; _builder_version=\u00a0\u00bb4.27.4&Prime; _module_preset=\u00a0\u00bbdefault\u00a0\u00bb global_colors_info=\u00a0\u00bb{}\u00a0\u00bb][et_pb_text _builder_version=\u00a0\u00bb4.27.4&Prime; _module_preset=\u00a0\u00bbdefault\u00a0\u00bb header_font=\u00a0\u00bb&#8211;et_global_body_font||||||||\u00a0\u00bb header_font_size=\u00a0\u00bb80px\u00a0\u00bb global_colors_info=\u00a0\u00bb{}\u00a0\u00bb custom_padding=\u00a0\u00bb|0px||||\u00a0\u00bb custom_margin=\u00a0\u00bb|-185px||||\u00a0\u00bb]<\/p>\n<h1><span style=\"color: #ffffff;\">Gina et les F\u00e9emotions<\/span><\/h1>\n<p>[\/et_pb_text][\/et_pb_column][et_pb_column type=\u00a0\u00bb2_5&Prime; _builder_version=\u00a0\u00bb4.27.4&Prime; _module_preset=\u00a0\u00bbdefault\u00a0\u00bb global_colors_info=\u00a0\u00bb{}\u00a0\u00bb][et_pb_image src=\u00a0\u00bbhttps:\/\/www.compagniemaisonmere.com\/wp-content\/uploads\/2025\/11\/comete-claire-scaled.png\u00a0\u00bb title_text=\u00a0\u00bbcomete claire\u00a0\u00bb _builder_version=\u00a0\u00bb4.27.4&Prime; _module_preset=\u00a0\u00bbdefault\u00a0\u00bb custom_padding=\u00a0\u00bb59px||7px|||\u00a0\u00bb animation_style=\u00a0\u00bbslide\u00a0\u00bb global_colors_info=\u00a0\u00bb{}\u00a0\u00bb][\/et_pb_image][\/et_pb_column][\/et_pb_row][\/et_pb_section][et_pb_section fb_built=\u00a0\u00bb1&Prime; admin_label=\u00a0\u00bbBlog\u00a0\u00bb _builder_version=\u00a0\u00bb4.27.4&Prime; _module_preset=\u00a0\u00bbdefault\u00a0\u00bb background_color=\u00a0\u00bb#f8f5ea\u00a0\u00bb locked=\u00a0\u00bboff\u00a0\u00bb global_colors_info=\u00a0\u00bb{}\u00a0\u00bb][et_pb_row column_structure=\u00a0\u00bb3_5,2_5&Prime; use_custom_gutter=\u00a0\u00bbon\u00a0\u00bb gutter_width=\u00a0\u00bb2&Prime; _builder_version=\u00a0\u00bb4.16&Prime; _module_preset=\u00a0\u00bbdefault\u00a0\u00bb global_colors_info=\u00a0\u00bb{}\u00a0\u00bb][et_pb_column type=\u00a0\u00bb3_5&Prime; _builder_version=\u00a0\u00bb4.16&Prime; _module_preset=\u00a0\u00bbdefault\u00a0\u00bb global_colors_info=\u00a0\u00bb{}\u00a0\u00bb][et_pb_text _builder_version=\u00a0\u00bb4.27.4&Prime; _module_preset=\u00a0\u00bbdefault\u00a0\u00bb text_font=\u00a0\u00bb&#8211;et_global_body_font||||||||\u00a0\u00bb global_colors_info=\u00a0\u00bb{}\u00a0\u00bb]<\/p>\n<p style=\"text-align: justify;\"><span style=\"color: #000000;\"><b>Gina et les F\u00e9emotions \u2013 \u00a0Version Jeune public ( 3 -11 ans )<\/b><\/span><br \/><span style=\"color: #000000;\">Un spectacle unique, dr\u00f4le et po\u00e9tique<\/span><br \/><span style=\"color: #000000;\">M\u00e9lodie Orru signe ici un conte tendre et humoristique, m\u00ealant chansons originales et exercices de relaxation adapt\u00e9s aux enfants, pour leur offrir des outils simples de mieux-\u00eatre au quotidien.<\/span><br \/><span style=\"color: #000000;\">Gina traverse une s\u00e9rie d\u2019aventures qui \u00e9veillent en elle une multitude d\u2019\u00e9motions. Dans ce voyage au c\u0153ur du ressenti, ces \u00e9motions prennent vie sous les traits de f\u00e9es fantastiques et un peu d\u00e9jant\u00e9es : de la col\u00e8re \u00e0 la tristesse, de la peur \u00e0 la joie, de l\u2019amour \u00e0 la richesse infinie des \u00e9motions. Chaque rencontre avec ces F\u00e9emotions ouvre une nouvelle porte sur l\u2019univers int\u00e9rieur de Gina.<\/span><\/p>\n<div style=\"text-align: justify;\"><span style=\"color: #000000;\">Ce spectacle est une v\u00e9ritable randonn\u00e9e sensible et ludique \u00e0 travers nos \u00e9tats d\u2019\u00e2me, agr\u00e9ables comme d\u00e9sagr\u00e9ables. Il s\u2019adresse autant aux enfants qu\u2019aux enseignants et aux parents, offrant \u00e0 chacun un miroir o\u00f9 reconna\u00eetre, apprivoiser et c\u00e9l\u00e9brer ses propres \u00e9motions.<\/span><\/div>\n<div style=\"text-align: justify;\"><\/div>\n<div style=\"text-align: justify;\"><span style=\"color: #000000;\"><b>Dur\u00e9e : 50 minutes\u00a0<\/b><\/span><\/div>\n<p style=\"text-align: justify;\"><span style=\"color: #000000;\"><i>FORMULE MAISON\/ LIEUX ATYPIQUES ( jauge jusqu\u2019\u00e0 80 personnes)<\/i><\/span><\/p>\n<p style=\"text-align: justify;\"><span style=\"color: #000000;\"><i>FORMULE SALLE ( jauge de 90 \u00e0 500 personnes )<\/i><\/span><\/p>\n<div style=\"text-align: justify;\"><\/div>\n<p style=\"text-align: justify;\"><span style=\"color: #000000;\"><b>Gina et les F\u00e9emotions \u2013 Version petite enfance (0-3 ans)<\/b><\/span><br \/><span style=\"color: #000000;\">Une bulle de douceur, de musique et d\u2019\u00e9motions sp\u00e9cialement pens\u00e9e pour les tout-petits.\u2028Dans cette version adapt\u00e9e, M\u00e9lodie Orru propose un conte po\u00e9tique et l\u00e9ger, ponctu\u00e9 de chansons simples, de sons doux et de jeux de respiration et de relaxation adapt\u00e9s \u00e0 la petite enfance.<\/span><br \/><span style=\"color: #000000;\">Les F\u00e9emotions se d\u00e9voilent avec d\u00e9licatesse : la joie qui fait sourire, la peur qui chatouille, la tristesse qui se berce, l\u2019amour qui fait r\u00eaver.<\/span><br \/><span style=\"color: #000000;\">Un spectacle sensoriel qui \u00e9veille l\u2019\u00e9coute, stimule l\u2019imaginaire et offre aux tout-petits comme aux professionnels un moment de partage chaleureux et bienveillant.<\/span><\/p>\n<div style=\"text-align: justify;\"><span style=\"color: #000000;\">Une premi\u00e8re rencontre artistique autour des \u00e9motions, \u00e0 hauteur d\u2019enfant.<\/span><\/div>\n<div style=\"text-align: justify;\"><\/div>\n<div style=\"text-align: justify;\"><span style=\"color: #000000;\"><b>Dur\u00e9e : 30 minutes\u00a0<\/b><\/span><\/div>\n<div style=\"text-align: justify;\"><span style=\"color: #000000;\">FORMULE RELAIS PETITE ENFANCE \/ ECOLE<\/span><\/div>\n<p>[\/et_pb_text][\/et_pb_column][et_pb_column type=\u00a0\u00bb2_5&Prime; _builder_version=\u00a0\u00bb4.16&Prime; _module_preset=\u00a0\u00bbdefault\u00a0\u00bb global_colors_info=\u00a0\u00bb{}\u00a0\u00bb][et_pb_image src=\u00a0\u00bbhttps:\/\/www.compagniemaisonmere.com\/wp-content\/uploads\/2025\/09\/couverture-A4-impression-1.jpg\u00a0\u00bb title_text=\u00a0\u00bbcouverture-A4-impression-1&Prime; _builder_version=\u00a0\u00bb4.27.4&Prime; _module_preset=\u00a0\u00bbdefault\u00a0\u00bb custom_margin=\u00a0\u00bb52px||||false|false\u00a0\u00bb global_colors_info=\u00a0\u00bb{}\u00a0\u00bb][\/et_pb_image][\/et_pb_column][\/et_pb_row][\/et_pb_section]<\/p>\n","protected":false},"excerpt":{"rendered":"<p>Gina et les F\u00e9emotionsGina et les F\u00e9emotions \u2013 \u00a0Version Jeune public ( 3 -11 ans )Un spectacle unique, dr\u00f4le et po\u00e9tiqueM\u00e9lodie Orru signe ici un conte tendre et humoristique, m\u00ealant chansons originales et exercices de relaxation adapt\u00e9s aux enfants, pour leur offrir des outils simples de mieux-\u00eatre au quotidien.Gina traverse une s\u00e9rie d\u2019aventures qui \u00e9veillent [&hellip;]<\/p>\n","protected":false},"author":1,"featured_media":0,"parent":0,"menu_order":0,"comment_status":"closed","ping_status":"closed","template":"","meta":{"_et_pb_use_builder":"on","_et_pb_old_content":"","_et_gb_content_width":"","footnotes":""},"class_list":["post-140","page","type-page","status-publish","hentry"],"yoast_head":"<!-- This site is optimized with the Yoast SEO plugin v26.5 - https:\/\/yoast.com\/wordpress\/plugins\/seo\/ -->\n<title>Gina et les F\u00e9emotions - WordPress<\/title>\n<meta name=\"robots\" content=\"index, follow, max-snippet:-1, max-image-preview:large, max-video-preview:-1\" \/>\n<link rel=\"canonical\" href=\"https:\/\/www.compagniemaisonmere.com\/index.php\/gina-et-les-feemotions\/\" \/>\n<meta property=\"og:locale\" content=\"fr_FR\" \/>\n<meta property=\"og:type\" content=\"article\" \/>\n<meta property=\"og:title\" content=\"Gina et les F\u00e9emotions - WordPress\" \/>\n<meta property=\"og:description\" content=\"Gina et les F\u00e9emotionsGina et les F\u00e9emotions \u2013 \u00a0Version Jeune public ( 3 -11 ans )Un spectacle unique, dr\u00f4le et po\u00e9tiqueM\u00e9lodie Orru signe ici un conte tendre et humoristique, m\u00ealant chansons originales et exercices de relaxation adapt\u00e9s aux enfants, pour leur offrir des outils simples de mieux-\u00eatre au quotidien.Gina traverse une s\u00e9rie d\u2019aventures qui \u00e9veillent [&hellip;]\" \/>\n<meta property=\"og:url\" content=\"https:\/\/www.compagniemaisonmere.com\/index.php\/gina-et-les-feemotions\/\" \/>\n<meta property=\"og:site_name\" content=\"WordPress\" \/>\n<meta property=\"article:modified_time\" content=\"2025-11-12T11:31:16+00:00\" \/>\n<meta name=\"twitter:card\" content=\"summary_large_image\" \/>\n<script type=\"application\/ld+json\" class=\"yoast-schema-graph\">{\"@context\":\"https:\/\/schema.org\",\"@graph\":[{\"@type\":\"WebPage\",\"@id\":\"https:\/\/www.compagniemaisonmere.com\/index.php\/gina-et-les-feemotions\/\",\"url\":\"https:\/\/www.compagniemaisonmere.com\/index.php\/gina-et-les-feemotions\/\",\"name\":\"Gina et les F\u00e9emotions - WordPress\",\"isPartOf\":{\"@id\":\"https:\/\/www.compagniemaisonmere.com\/#website\"},\"datePublished\":\"2025-09-30T13:57:01+00:00\",\"dateModified\":\"2025-11-12T11:31:16+00:00\",\"breadcrumb\":{\"@id\":\"https:\/\/www.compagniemaisonmere.com\/index.php\/gina-et-les-feemotions\/#breadcrumb\"},\"inLanguage\":\"fr-FR\",\"potentialAction\":[{\"@type\":\"ReadAction\",\"target\":[\"https:\/\/www.compagniemaisonmere.com\/index.php\/gina-et-les-feemotions\/\"]}]},{\"@type\":\"BreadcrumbList\",\"@id\":\"https:\/\/www.compagniemaisonmere.com\/index.php\/gina-et-les-feemotions\/#breadcrumb\",\"itemListElement\":[{\"@type\":\"ListItem\",\"position\":1,\"name\":\"Accueil\",\"item\":\"https:\/\/www.compagniemaisonmere.com\/\"},{\"@type\":\"ListItem\",\"position\":2,\"name\":\"Gina et les F\u00e9emotions\"}]},{\"@type\":\"WebSite\",\"@id\":\"https:\/\/www.compagniemaisonmere.com\/#website\",\"url\":\"https:\/\/www.compagniemaisonmere.com\/\",\"name\":\"WordPress\",\"description\":\"\",\"potentialAction\":[{\"@type\":\"SearchAction\",\"target\":{\"@type\":\"EntryPoint\",\"urlTemplate\":\"https:\/\/www.compagniemaisonmere.com\/?s={search_term_string}\"},\"query-input\":{\"@type\":\"PropertyValueSpecification\",\"valueRequired\":true,\"valueName\":\"search_term_string\"}}],\"inLanguage\":\"fr-FR\"}]}<\/script>\n<!-- \/ Yoast SEO plugin. -->","yoast_head_json":{"title":"Gina et les F\u00e9emotions - WordPress","robots":{"index":"index","follow":"follow","max-snippet":"max-snippet:-1","max-image-preview":"max-image-preview:large","max-video-preview":"max-video-preview:-1"},"canonical":"https:\/\/www.compagniemaisonmere.com\/index.php\/gina-et-les-feemotions\/","og_locale":"fr_FR","og_type":"article","og_title":"Gina et les F\u00e9emotions - WordPress","og_description":"Gina et les F\u00e9emotionsGina et les F\u00e9emotions \u2013 \u00a0Version Jeune public ( 3 -11 ans )Un spectacle unique, dr\u00f4le et po\u00e9tiqueM\u00e9lodie Orru signe ici un conte tendre et humoristique, m\u00ealant chansons originales et exercices de relaxation adapt\u00e9s aux enfants, pour leur offrir des outils simples de mieux-\u00eatre au quotidien.Gina traverse une s\u00e9rie d\u2019aventures qui \u00e9veillent [&hellip;]","og_url":"https:\/\/www.compagniemaisonmere.com\/index.php\/gina-et-les-feemotions\/","og_site_name":"WordPress","article_modified_time":"2025-11-12T11:31:16+00:00","twitter_card":"summary_large_image","schema":{"@context":"https:\/\/schema.org","@graph":[{"@type":"WebPage","@id":"https:\/\/www.compagniemaisonmere.com\/index.php\/gina-et-les-feemotions\/","url":"https:\/\/www.compagniemaisonmere.com\/index.php\/gina-et-les-feemotions\/","name":"Gina et les F\u00e9emotions - WordPress","isPartOf":{"@id":"https:\/\/www.compagniemaisonmere.com\/#website"},"datePublished":"2025-09-30T13:57:01+00:00","dateModified":"2025-11-12T11:31:16+00:00","breadcrumb":{"@id":"https:\/\/www.compagniemaisonmere.com\/index.php\/gina-et-les-feemotions\/#breadcrumb"},"inLanguage":"fr-FR","potentialAction":[{"@type":"ReadAction","target":["https:\/\/www.compagniemaisonmere.com\/index.php\/gina-et-les-feemotions\/"]}]},{"@type":"BreadcrumbList","@id":"https:\/\/www.compagniemaisonmere.com\/index.php\/gina-et-les-feemotions\/#breadcrumb","itemListElement":[{"@type":"ListItem","position":1,"name":"Accueil","item":"https:\/\/www.compagniemaisonmere.com\/"},{"@type":"ListItem","position":2,"name":"Gina et les F\u00e9emotions"}]},{"@type":"WebSite","@id":"https:\/\/www.compagniemaisonmere.com\/#website","url":"https:\/\/www.compagniemaisonmere.com\/","name":"WordPress","description":"","potentialAction":[{"@type":"SearchAction","target":{"@type":"EntryPoint","urlTemplate":"https:\/\/www.compagniemaisonmere.com\/?s={search_term_string}"},"query-input":{"@type":"PropertyValueSpecification","valueRequired":true,"valueName":"search_term_string"}}],"inLanguage":"fr-FR"}]}},"_links":{"self":[{"href":"https:\/\/www.compagniemaisonmere.com\/index.php\/wp-json\/wp\/v2\/pages\/140","targetHints":{"allow":["GET"]}}],"collection":[{"href":"https:\/\/www.compagniemaisonmere.com\/index.php\/wp-json\/wp\/v2\/pages"}],"about":[{"href":"https:\/\/www.compagniemaisonmere.com\/index.php\/wp-json\/wp\/v2\/types\/page"}],"author":[{"embeddable":true,"href":"https:\/\/www.compagniemaisonmere.com\/index.php\/wp-json\/wp\/v2\/users\/1"}],"replies":[{"embeddable":true,"href":"https:\/\/www.compagniemaisonmere.com\/index.php\/wp-json\/wp\/v2\/comments?post=140"}],"version-history":[{"count":12,"href":"https:\/\/www.compagniemaisonmere.com\/index.php\/wp-json\/wp\/v2\/pages\/140\/revisions"}],"predecessor-version":[{"id":571,"href":"https:\/\/www.compagniemaisonmere.com\/index.php\/wp-json\/wp\/v2\/pages\/140\/revisions\/571"}],"wp:attachment":[{"href":"https:\/\/www.compagniemaisonmere.com\/index.php\/wp-json\/wp\/v2\/media?parent=140"}],"curies":[{"name":"wp","href":"https:\/\/api.w.org\/{rel}","templated":true}]}}